{"id":104,"date":"2015-12-14T20:10:40","date_gmt":"2015-12-14T20:10:40","guid":{"rendered":"http:\/\/localhost\/conagopareazuay\/?page_id=104"},"modified":"2015-12-14T20:10:40","modified_gmt":"2015-12-14T20:10:40","slug":"transparencia-2014","status":"publish","type":"page","link":"https:\/\/conagopareazuay.gob.ec\/w30\/transparencia-2014\/","title":{"rendered":"Transparencia 2014"},"content":{"rendered":"<div style=\"padding-bottom:20px; padding-top:10px;\" class=\"hupso-share-buttons\"><!-- Hupso Share Buttons - https:\/\/www.hupso.com\/share\/ --><a class=\"hupso_counters\" href=\"https:\/\/www.hupso.com\/share\/\"><img decoding=\"async\" src=\"https:\/\/static.hupso.com\/share\/buttons\/lang\/es\/share-small.png\" style=\"border:0px; padding-top:2px; float:left;\" alt=\"Share Button\"\/><\/a><script type=\"text\/javascript\">var hupso_services_c=new Array(\"twitter\",\"facebook_like\",\"facebook_send\");var hupso_counters_lang = \"es_LA\";var hupso_image_folder_url = \"\";var hupso_url_c=\"\";var hupso_title_c=\"Transparencia%202014\";<\/script><script type=\"text\/javascript\" src=\"https:\/\/static.hupso.com\/share\/js\/counters.js\"><\/script><!-- Hupso Share Buttons --><\/div><p style=\"line-height: 20.7999992370605px; text-align: justify;\"><span style=\"font-size: 16px;\"><strong>Art. 7.- Difusi\u00f3n de la Informaci\u00f3n P\u00fablica.-<\/strong><\/span><\/p>\n<p style=\"line-height: 20.7999992370605px; text-align: justify;\">Por la transparencia en la gesti\u00f3n administrativa que est\u00e1n obligadas a observar todas las instituciones del Estado que conforman el sector p\u00fablico en los t\u00e9rminos del art\u00edculo 118 de la Constituci\u00f3n Pol\u00edtica de la Rep\u00fablica y dem\u00e1s entes se\u00f1alados en el art\u00edculo 1 de la presente Ley, difundir\u00e1n a trav\u00e9s de un portal de informaci\u00f3n o p\u00e1gina web, as\u00ed como de los medios necesarios a disposici\u00f3n del p\u00fablico, implementados en la misma instituci\u00f3n, la siguiente informaci\u00f3n m\u00ednima actualizada, que para efectos de esta Ley se la considera de naturaleza obligatoria:<\/p>\n<p style=\"line-height: 20.7999992370605px; text-align: justify;\"><span style=\"font-size: 16px;\"><strong>FORMATOS LOTAIP<\/strong><\/span><\/p>\n<p><span style=\"font-size: 16px;\"><strong>a) Organizaci\u00f3n Interna<\/strong><\/span><br \/>\nEstructura Org\u00e1nica Funcional.<br \/>\nBase legal que la rige, regulaciones y procedimientos internos aplicables a la entidad.<br \/>\nMetas y Objetivos de las unidades administrativas de conformidad con sus programas operativos.<\/p>\n<p><a href=\"http:\/\/conagopareazuay.gob.ec\/azuay\/wp-content\/uploads\/2013\/10\/Organigrama.pdf\">Organigrama<\/a><\/p>\n<p><a href=\"http:\/\/conagopareazuay.gob.ec\/azuay\/wp-content\/uploads\/2013\/10\/Organico-Funcional-conagopare-2014.pdf\">Organico Funcional conagopare 2014<\/a><\/p>\n<p><a href=\"http:\/\/conagopareazuay.gob.ec\/azuay\/wp-content\/uploads\/2013\/10\/VISI\u00d3N-Y-MISION.pdf\">VISI\u00d3N Y MISION<\/a><\/p>\n<p><span style=\"font-size: 16px;\"><strong>b) Directorio<\/strong><\/span><br \/>\nDirectorio completo de la instituci\u00f3n; as\u00ed como su distributivo de personal.<\/p>\n<p><a href=\"http:\/\/conagopareazuay.gob.ec\/azuay\/wp-content\/uploads\/2013\/10\/b.-DIRECTORIO-2014.pdf\">b. DIRECTORIO 2014<\/a><\/p>\n<p><span style=\"font-size: 16px;\"><strong>c) Remuneraciones<\/strong><\/span><br \/>\nRemuneraci\u00f3n mensual por puesto y todo ingreso adicional incluso el sistema de compensaci\u00f3n, seg\u00fan lo establezcan las disposiciones correspondientes.<\/p>\n<p><a href=\"http:\/\/conagopareazuay.gob.ec\/azuay\/wp-content\/uploads\/2013\/10\/Remuneraciones-servidores.pdf\">Remuneraciones servidores<\/a><\/p>\n<p><span style=\"font-size: 16px;\"><strong>d) Servicios<\/strong><\/span><br \/>\nServicios que ofrece y la forma de acceder a ellos, horarios de atenci\u00f3n y dem\u00e1s indicaciones necesarias.<\/p>\n<p><a href=\"http:\/\/conagopareazuay.gob.ec\/azuay\/wp-content\/uploads\/2013\/10\/SERVICIOS.pdf\">SERVICIOS<\/a><\/p>\n<p><span style=\"font-size: 16px;\"><strong>e) Contratos Colectivos<\/strong><\/span><br \/>\nTexto integro de todos los contratos colectivos vigentes en la instituci\u00f3n, as\u00ed como sus anexos y reformas.<\/p>\n<p><span style=\"font-size: 16px;\"><strong>f) Formularios para Tr\u00e1mites<\/strong><\/span><br \/>\nSe publicar\u00e1n los formularios o formatos de solicitudes que se requieran para los tr\u00e1mites inherentes a su campo de acci\u00f3n.<\/p>\n<p><span style=\"font-size: 16px;\"><strong>g) Presupuesto Anual<\/strong><\/span><br \/>\nInformaci\u00f3n total sobre el presupuesto anual que administra la instituci\u00f3n, especificando ingresos, gastos, financiamiento y resultados operativos de conformidad con los clasificadores presupuestales, as\u00ed como liquidaci\u00f3n del presupuesto, especificando destinatarios de la entrega de recursos p\u00fablicos.<\/p>\n<p><a href=\"http:\/\/conagopareazuay.gob.ec\/azuay\/wp-content\/uploads\/2013\/10\/Reforma-Presupuesto-CONAGOPARE-2015-1-1.xlsx\">Reforma Presupuesto CONAGOPARE 2015-1 (1)<\/a><\/p>\n<p><span style=\"font-size: 16px;\"><strong>h) Auditorias Internas<\/strong><\/span><br \/>\nLos resultados de las auditorias internas y gubernamentales al ejercicio presupuestal.<\/p>\n<p><span style=\"font-size: 16px;\"><strong>i) Procesos de Contrataci\u00f3n<\/strong><\/span><br \/>\nInformaci\u00f3n completa y detallada sobre los procesos pree-contractuales, contractuales, de adjudicaci\u00f3n y liquidaci\u00f3n de bienes, prestaci\u00f3n de servicios, arrendamientos mercantiles, etc, celebrados por la instituci\u00f3n con personas naturales o jur\u00eddicas, incluidos concesiones permisos o autorizaciones.<\/p>\n<p><a href=\"http:\/\/conagopareazuay.gob.ec\/azuay\/wp-content\/uploads\/2013\/10\/tercer-trim-2.jpeg\"><img fetchpriority=\"high\" decoding=\"async\" class=\"alignnone size-medium wp-image-397\" src=\"http:\/\/conagopareazuay.gob.ec\/azuay\/wp-content\/uploads\/2013\/10\/tercer-trim-2-218x300.jpeg\" alt=\"tercer trim 2\" width=\"218\" height=\"300\" data-id=\"397\" \/><\/a><\/p>\n<p><a href=\"http:\/\/conagopareazuay.gob.ec\/azuay\/wp-content\/uploads\/2013\/10\/tercer-trim-1.jpeg\"><img decoding=\"async\" class=\"alignnone size-medium wp-image-396\" src=\"http:\/\/conagopareazuay.gob.ec\/azuay\/wp-content\/uploads\/2013\/10\/tercer-trim-1-218x300.jpeg\" alt=\"tercer trim 1\" width=\"218\" height=\"300\" data-id=\"396\" \/><\/a><\/p>\n<p><a href=\"http:\/\/conagopareazuay.gob.ec\/azuay\/wp-content\/uploads\/2013\/10\/segundo-trim.jpeg\"><img decoding=\"async\" class=\"alignnone size-medium wp-image-395\" src=\"http:\/\/conagopareazuay.gob.ec\/azuay\/wp-content\/uploads\/2013\/10\/segundo-trim-218x300.jpeg\" alt=\"segundo trim\" width=\"218\" height=\"300\" data-id=\"395\" \/><\/a><\/p>\n<p><a href=\"http:\/\/conagopareazuay.gob.ec\/azuay\/wp-content\/uploads\/2013\/10\/primer-trim1.jpeg\"><img loading=\"lazy\" decoding=\"async\" class=\"alignnone size-medium wp-image-394\" src=\"http:\/\/conagopareazuay.gob.ec\/azuay\/wp-content\/uploads\/2013\/10\/primer-trim1-300x218.jpeg\" alt=\"primer trim1\" width=\"300\" height=\"218\" data-id=\"394\" \/><\/a><\/p>\n<p><a href=\"http:\/\/conagopareazuay.gob.ec\/azuay\/wp-content\/uploads\/2013\/10\/primer-trim-2.jpeg\"><img loading=\"lazy\" decoding=\"async\" class=\"alignnone size-medium wp-image-393\" src=\"http:\/\/conagopareazuay.gob.ec\/azuay\/wp-content\/uploads\/2013\/10\/primer-trim-2-300x218.jpeg\" alt=\"primer trim 2\" width=\"300\" height=\"218\" data-id=\"393\" \/><\/a><\/p>\n<p><a href=\"http:\/\/conagopareazuay.gob.ec\/azuay\/wp-content\/uploads\/2013\/10\/cuarto-trim.jpeg\"><img loading=\"lazy\" decoding=\"async\" class=\"alignnone size-medium wp-image-390\" src=\"http:\/\/conagopareazuay.gob.ec\/azuay\/wp-content\/uploads\/2013\/10\/cuarto-trim-300x218.jpeg\" alt=\"cuarto trim\" width=\"300\" height=\"218\" data-id=\"390\" \/><\/a><\/p>\n<p><a href=\"http:\/\/conagopareazuay.gob.ec\/azuay\/wp-content\/uploads\/2013\/10\/El-Sol-15-jun.jpeg\"><img loading=\"lazy\" decoding=\"async\" class=\"alignnone size-medium wp-image-392\" src=\"http:\/\/conagopareazuay.gob.ec\/azuay\/wp-content\/uploads\/2013\/10\/El-Sol-15-jun-218x300.jpeg\" alt=\"El Sol 15 jun\" width=\"218\" height=\"300\" data-id=\"392\" \/><\/a><\/p>\n<p><a href=\"http:\/\/conagopareazuay.gob.ec\/azuay\/wp-content\/uploads\/2013\/10\/el-mercurio-29-dic.jpeg\"><img loading=\"lazy\" decoding=\"async\" class=\"alignnone size-medium wp-image-391\" src=\"http:\/\/conagopareazuay.gob.ec\/azuay\/wp-content\/uploads\/2013\/10\/el-mercurio-29-dic-218x300.jpeg\" alt=\"el mercurio 29 dic\" width=\"218\" height=\"300\" data-id=\"391\" \/><\/a><\/p>\n<p><span style=\"font-size: 16px;\"><strong>j) Incumplimientos<\/strong><\/span><br \/>\nUn listado de las empresas que han incumplido contratos con dicha instituci\u00f3n.<\/p>\n<p><span style=\"font-size: 16px;\"><strong>k) Planes y Programas<\/strong><\/span><br \/>\nPlanes y Programas de la Instituci\u00f3n en ejecuci\u00f3n.<\/p>\n<p><a href=\"http:\/\/conagopareazuay.gob.ec\/azuay\/wp-content\/uploads\/2013\/10\/PLAN-ESTRAT\u00c9GICO-CONAGOPARE-AZUAY-2014_2019.pdf\">PLAN ESTRAT\u00c9GICO CONAGOPARE AZUAY 2014_2019<\/a> <a href=\"http:\/\/conagopareazuay.gob.ec\/azuay\/wp-content\/uploads\/2013\/10\/POA-2014.pdf\">POA 2014<\/a> <a href=\"http:\/\/conagopareazuay.gob.ec\/azuay\/wp-content\/uploads\/2013\/10\/Variaci\u00f3n-POA-2014.xlsx\">Variaci\u00f3n POA 2014<\/a><\/p>\n<p><a href=\"http:\/\/conagopareazuay.gob.ec\/azuay\/wp-content\/uploads\/2013\/10\/POA-2014.pdf\">POA 2014<\/a><\/p>\n<p><a href=\"http:\/\/conagopareazuay.gob.ec\/azuay\/wp-content\/uploads\/2013\/10\/Variaci\u00f3n-POA-2014.xlsx\">Variaci\u00f3n POA 2014<\/a><\/p>\n<p><span style=\"font-size: 16px;\"><strong>l) Financiamiento Interno y Externo<\/strong><\/span><br \/>\nEl detalle de los contratos de cr\u00e9dito externos o internos; se se\u00f1alar\u00e1 la fuente de los fondos con los que se pagar\u00e1n esos cr\u00e9ditos. Cuando se trate de prestamos o contratos de financiamiento, se har\u00e1 constar, como lo prev\u00e9 la Ley Org\u00e1nica de Administraci\u00f3n Financiera y Control, Ley Org\u00e1nica de Contralor\u00eda General del Estado y la Ley Org\u00e1nica de Responsabilidad y Transparencia Fiscal, las operaciones y contratos de Cr\u00e9dito, los montos, plazo, costos financieros o tipos de inter\u00e9s.<\/p>\n<p><a href=\"http:\/\/conagopareazuay.gob.ec\/azuay\/wp-content\/uploads\/2013\/10\/ESTADO-DE-SITUACION-FINANCIERA.pdf\">ESTADO DE SITUACION FINANCIERA<\/a><\/p>\n<p><span style=\"font-size: 16px;\"><strong>m) Rendici\u00f3n de Cuentas<\/strong><\/span><br \/>\nMecanismos de rendici\u00f3n de cuentas a la ciudadan\u00eda, tales como metas e informes de gesti\u00f2n e indicadores de desempe\u00f1o.<\/p>\n<p><a href=\"http:\/\/conagopareazuay.gob.ec\/azuay\/wp-content\/uploads\/2013\/10\/Rendici\u00f3n-de-Cuentas-CONAGOPARE-2014.pdf\">Rendici\u00f3n de Cuentas CONAGOPARE 2014<\/a><\/p>\n<p><a href=\"http:\/\/conagopareazuay.gob.ec\/azuay\/wp-content\/uploads\/2013\/10\/FOTOS-INFORME-2014.pdf\">FOTOS INFORME 2014<\/a><\/p>\n<p><a href=\"http:\/\/conagopareazuay.gob.ec\/azuay\/wp-content\/uploads\/2013\/10\/CONVOCATORIA-ASAMBLEA-PROVINCIAL-2014-1_RL.pdf\">CONVOCATORIA ASAMBLEA PROVINCIAL 2014 (1)_RL<\/a> <a href=\"http:\/\/conagopareazuay.gob.ec\/azuay\/wp-content\/uploads\/2013\/10\/CONVOCATORIA-ASAMBLEA-PROVINCIAL-2014-3_RL.pdf\">CONVOCATORIA ASAMBLEA PROVINCIAL 2014 (3)_RL<\/a> <a href=\"http:\/\/conagopareazuay.gob.ec\/azuay\/wp-content\/uploads\/2013\/10\/CONVOCATORIA-ASAMBLEA-PROVINCIAL-2014_WS.pdf\">CONVOCATORIA ASAMBLEA PROVINCIAL 2014_WS<\/a> <a href=\"http:\/\/conagopareazuay.gob.ec\/azuay\/wp-content\/uploads\/2013\/10\/Participaci\u00f3n-en-Paute.pdf\">Participaci\u00f3n en Paute<\/a><\/p>\n<p><a href=\"http:\/\/conagopareazuay.gob.ec\/azuay\/wp-content\/uploads\/2013\/10\/CONVOCATORIA-ASAMBLEA-PROVINCIAL-2014-3_RL.pdf\">CONVOCATORIA ASAMBLEA PROVINCIAL 2014 (3)_RL<\/a><\/p>\n<p><a href=\"http:\/\/conagopareazuay.gob.ec\/azuay\/wp-content\/uploads\/2013\/10\/CONVOCATORIA-ASAMBLEA-PROVINCIAL-2014_WS.pdf\">CONVOCATORIA ASAMBLEA PROVINCIAL 2014_WS<\/a><\/p>\n<p><a href=\"http:\/\/conagopareazuay.gob.ec\/azuay\/wp-content\/uploads\/2013\/10\/Participaci\u00f3n-en-Paute.pdf\">Participaci\u00f3n en Paute<\/a><\/p>\n<p><a href=\"http:\/\/conagopareazuay.gob.ec\/azuay\/wp-content\/uploads\/2013\/10\/Conformaci\u00f3n-Equipo_Rendici\u00f3n-Cuentas.pdf\">Conformaci\u00f3n Equipo_Rendici\u00f3n Cuentas<\/a> <a href=\"http:\/\/conagopareazuay.gob.ec\/azuay\/wp-content\/uploads\/2013\/10\/Dise\u00f1o-Propuesta_Rendici\u00f3n-de-Cuentas.pdf\">Dise\u00f1o Propuesta_Rendici\u00f3n de Cuentas<\/a> <a href=\"http:\/\/conagopareazuay.gob.ec\/azuay\/wp-content\/uploads\/2013\/10\/Planificaci\u00f3n-de-los-eventos-participativos.pdf\">Planificaci\u00f3n de los eventos participativos<\/a> <a href=\"http:\/\/conagopareazuay.gob.ec\/azuay\/wp-content\/uploads\/2013\/10\/Socializaci\u00f3n-interna-Rendici\u00f3n-de-Cuentas.pdf\">Socializaci\u00f3n interna Rendici\u00f3n de Cuentas<\/a><\/p>\n<p><a href=\"http:\/\/conagopareazuay.gob.ec\/azuay\/wp-content\/uploads\/2013\/10\/Dise\u00f1o-Propuesta_Rendici\u00f3n-de-Cuentas.pdf\">Dise\u00f1o Propuesta_Rendici\u00f3n de Cuentas<\/a><\/p>\n<p><a href=\"http:\/\/conagopareazuay.gob.ec\/azuay\/wp-content\/uploads\/2013\/10\/Planificaci\u00f3n-de-los-eventos-participativos.pdf\">Planificaci\u00f3n de los eventos participativos<\/a><\/p>\n<p><a href=\"http:\/\/conagopareazuay.gob.ec\/azuay\/wp-content\/uploads\/2013\/10\/Socializaci\u00f3n-interna-Rendici\u00f3n-de-Cuentas.pdf\">Socializaci\u00f3n interna Rendici\u00f3n de Cuentas<\/a><\/p>\n<p><a href=\"http:\/\/conagopareazuay.gob.ec\/azuay\/wp-content\/uploads\/2013\/10\/Aportes-Ciudadanos.pdf\">Aportes Ciudadanos<\/a> <a href=\"http:\/\/conagopareazuay.gob.ec\/azuay\/wp-content\/uploads\/2013\/10\/Evaluaci\u00f3n-Gesti\u00f3n-Institucional-2014.pdf\">Evaluaci\u00f3n Gesti\u00f3n Institucional 2014<\/a><\/p>\n<p><a href=\"http:\/\/conagopareazuay.gob.ec\/azuay\/wp-content\/uploads\/2013\/10\/Evaluaci\u00f3n-Gesti\u00f3n-Institucional-2014.pdf\">Evaluaci\u00f3n Gesti\u00f3n Institucional 2014<\/a><\/p>\n<p><a href=\"http:\/\/conagopareazuay.gob.ec\/azuay\/wp-content\/uploads\/2013\/10\/Certificado-cumplimiento-Laboral.pdf\">Certificado cumplimiento Laboral<\/a> <a href=\"http:\/\/conagopareazuay.gob.ec\/azuay\/wp-content\/uploads\/2013\/10\/Certificado-Cumplimiento-Tributario.pdf\">Certificado Cumplimiento Tributario<\/a><\/p>\n<p><a href=\"http:\/\/conagopareazuay.gob.ec\/azuay\/wp-content\/uploads\/2013\/10\/Certificado-Cumplimiento-Tributario.pdf\">Certificado Cumplimiento Tributario<\/a><\/p>\n<p><a href=\"http:\/\/conagopareazuay.gob.ec\/azuay\/wp-content\/uploads\/2013\/10\/ESTADO-DE-SITUACION-FINANCIERAS.pdf\">ESTADO DE SITUACION FINANCIERAS<\/a> <a href=\"http:\/\/conagopareazuay.gob.ec\/azuay\/wp-content\/uploads\/2013\/10\/Rendici\u00f3n-Cuentas-2014-CONAGOPARE.xlsx\">Rendici\u00f3n Cuentas 2014 CONAGOPARE<\/a><\/p>\n<p><a href=\"http:\/\/conagopareazuay.gob.ec\/azuay\/wp-content\/uploads\/2013\/10\/Rendici\u00f3n-Cuentas-2014-CONAGOPARE.xlsx\">Rendici\u00f3n Cuentas 2014 CONAGOPARE<\/a><\/p>\n<p><span style=\"font-size: 16px;\"><strong>n) Gesti\u00f3n Institucional<\/strong><\/span><br \/>\nLos vi\u00e1ticos, informes de trabajo y justificativos de movilizaci\u00f3n nacional o internacional de las autoridades, dignatarios y funcionarios p\u00f9blicos.<\/p>\n<p><a href=\"http:\/\/conagopareazuay.gob.ec\/azuay\/wp-content\/uploads\/2013\/10\/Liquidaci\u00f3n-Vi\u00e1ticos-2014.pdf\">Liquidaci\u00f3n Vi\u00e1ticos 2014<\/a><\/p>\n<p><span style=\"font-size: 16px;\"><strong>o) Responsable de la Informaci\u00f3n<\/strong><\/span><br \/>\nEl nombre, direcci\u00f3n de la oficina, apartado postal y direcci\u00f3n electr\u00f3nica del responsable de atender la informaci\u00f3n p\u00fablica de que trata esta ley.<\/p>\n<p><a href=\"http:\/\/conagopareazuay.gob.ec\/azuay\/wp-content\/uploads\/2013\/10\/Responsable-de-la-Informaci\u00f3n.pdf\">Responsable de la Informaci\u00f3n<\/a><\/p>\n<p><a href=\"http:\/\/conagopareazuay.gob.ec\/azuay\/wp-content\/uploads\/2013\/10\/Delegaci\u00f3n-Rendici\u00f3n-de-Cuentas.pdf\">Delegaci\u00f3n Rendici\u00f3n de Cuentas<\/a><\/p>\n<p><span style=\"font-size: 16px;\"><strong>s) Organismos Seccionales<\/strong><\/span><br \/>\nLos organismos seccionales, informar\u00e1n oportunamente a la ciudadan\u00eca de las resoluciones que adoptaren, mediante la publicaci\u00f3n de las actas de las respectivas sesiones de estos cuerpos colegiados, as\u00ed como sus planes de desarrollo local<\/p>\n<p><a href=\"http:\/\/conagopareazuay.gob.ec\/azuay\/wp-content\/uploads\/2013\/10\/ACTA-28-de-noviembre-del-2014.pdf\">ACTA 28 de noviembre del 2014<\/a> <a href=\"http:\/\/conagopareazuay.gob.ec\/azuay\/wp-content\/uploads\/2013\/10\/ACTA-13-DE-JUNIO-2014-ELECCIONES.pdf\">ACTA 13 DE JUNIO 2014 ELECCIONES<\/a> <a href=\"http:\/\/conagopareazuay.gob.ec\/azuay\/wp-content\/uploads\/2013\/10\/ACTA-11-DE-SEPTIEMBRE-2014.pdf\">ACTA 11 DE SEPTIEMBRE 2014<\/a> <a href=\"http:\/\/conagopareazuay.gob.ec\/azuay\/wp-content\/uploads\/2013\/10\/ACTA-06-DE-MARZO-2014.pdf\">ACTA 06 DE MARZO 2014<\/a><\/p>\n<p><a href=\"http:\/\/conagopareazuay.gob.ec\/azuay\/wp-content\/uploads\/2013\/10\/ACTA-13-DE-JUNIO-2014-ELECCIONES.pdf\">ACTA 13 DE JUNIO 2014 ELECCIONES<\/a><\/p>\n<p><a href=\"http:\/\/conagopareazuay.gob.ec\/azuay\/wp-content\/uploads\/2013\/10\/ACTA-11-DE-SEPTIEMBRE-2014.pdf\">ACTA 11 DE SEPTIEMBRE 2014<\/a><\/p>\n<p><a href=\"http:\/\/conagopareazuay.gob.ec\/azuay\/wp-content\/uploads\/2013\/10\/ACTA-28-de-noviembre-del-2014.pdf\">ACTA 28 de noviembre del 2014<\/a><\/p>\n<p><strong>DOCUMENTOS<\/strong><\/p>\n","protected":false},"excerpt":{"rendered":"<div style=\"padding-bottom:20px; padding-top:10px;\" class=\"hupso-share-buttons\"><!-- Hupso Share Buttons - https:\/\/www.hupso.com\/share\/ --><a class=\"hupso_counters\" href=\"https:\/\/www.hupso.com\/share\/\"><img src=\"https:\/\/static.hupso.com\/share\/buttons\/lang\/es\/share-small.png\" style=\"border:0px; padding-top:2px; float:left;\" alt=\"Share Button\"\/><\/a><script type=\"text\/javascript\">var hupso_services_c=new Array(\"twitter\",\"facebook_like\",\"facebook_send\");var hupso_counters_lang = \"es_LA\";var hupso_image_folder_url = \"\";var hupso_url_c=\"\";var hupso_title_c=\"Transparencia%202014\";<\/script><script type=\"text\/javascript\" src=\"https:\/\/static.hupso.com\/share\/js\/counters.js\"><\/script><!-- Hupso Share Buttons --><\/div><p>Art. 7.- Difusi\u00f3n de la Informaci\u00f3n P\u00fablica.- Por la transparencia en la gesti\u00f3n administrativa que est\u00e1n obligadas a observar todas las instituciones del Estado que conforman el sector p\u00fablico en los t\u00e9rminos del art\u00edculo 118 de la Constituci\u00f3n Pol\u00edtica de la Rep\u00fablica y dem\u00e1s entes se\u00f1alados en el art\u00edculo 1 de la presente Ley, difundir\u00e1n [&hellip;]<\/p>\n","protected":false},"author":1,"featured_media":0,"parent":0,"menu_order":0,"comment_status":"closed","ping_status":"closed","template":"","meta":{"footnotes":""},"class_list":["post-104","page","type-page","status-publish","hentry","entry"],"_links":{"self":[{"href":"https:\/\/conagopareazuay.gob.ec\/w30\/wp-json\/wp\/v2\/pages\/104","targetHints":{"allow":["GET"]}}],"collection":[{"href":"https:\/\/conagopareazuay.gob.ec\/w30\/wp-json\/wp\/v2\/pages"}],"about":[{"href":"https:\/\/conagopareazuay.gob.ec\/w30\/wp-json\/wp\/v2\/types\/page"}],"author":[{"embeddable":true,"href":"https:\/\/conagopareazuay.gob.ec\/w30\/wp-json\/wp\/v2\/users\/1"}],"replies":[{"embeddable":true,"href":"https:\/\/conagopareazuay.gob.ec\/w30\/wp-json\/wp\/v2\/comments?post=104"}],"version-history":[{"count":1,"href":"https:\/\/conagopareazuay.gob.ec\/w30\/wp-json\/wp\/v2\/pages\/104\/revisions"}],"predecessor-version":[{"id":105,"href":"https:\/\/conagopareazuay.gob.ec\/w30\/wp-json\/wp\/v2\/pages\/104\/revisions\/105"}],"wp:attachment":[{"href":"https:\/\/conagopareazuay.gob.ec\/w30\/wp-json\/wp\/v2\/media?parent=104"}],"curies":[{"name":"wp","href":"https:\/\/api.w.org\/{rel}","templated":true}]}}