{"id":1753,"date":"2018-01-25T03:02:46","date_gmt":"2018-01-25T03:02:46","guid":{"rendered":"http:\/\/conagopareazuay.gob.ec\/w30\/?page_id=1753"},"modified":"2021-01-06T14:40:41","modified_gmt":"2021-01-06T14:40:41","slug":"rendicion-de-cuentas-2018","status":"publish","type":"page","link":"https:\/\/conagopareazuay.gob.ec\/w30\/rendicion-de-cuentas-2018\/","title":{"rendered":"Rendici\u00f3n de Cuentas 2018"},"content":{"rendered":"<div style=\"padding-bottom:20px; padding-top:10px;\" class=\"hupso-share-buttons\"><!-- Hupso Share Buttons - https:\/\/www.hupso.com\/share\/ --><a class=\"hupso_counters\" href=\"https:\/\/www.hupso.com\/share\/\"><img decoding=\"async\" src=\"https:\/\/static.hupso.com\/share\/buttons\/lang\/es\/share-small.png\" style=\"border:0px; padding-top:2px; float:left;\" alt=\"Share Button\"\/><\/a><script type=\"text\/javascript\">var hupso_services_c=new Array(\"twitter\",\"facebook_like\",\"facebook_send\");var hupso_counters_lang = \"es_LA\";var hupso_image_folder_url = \"\";var hupso_url_c=\"\";var hupso_title_c=\"Rendici%C3%B3n%20de%20Cuentas%202018\";<\/script><script type=\"text\/javascript\" src=\"https:\/\/static.hupso.com\/share\/js\/counters.js\"><\/script><!-- Hupso Share Buttons --><\/div><h3><a href=\"https:\/\/conagopareazuay.gob.ec\/w30\/wp-content\/uploads\/2021\/01\/Rendicio\u0301n-de-cuentas-2018.pdf\">Informe Rendicio\u0301n de Cuentas 2018<\/a><\/h3>\n<ul>\n<li><a href=\"http:\/\/conagopareazuay.gob.ec\/w30\/wp-content\/uploads\/2018\/01\/Convocatoria_dise\u00f1o_propuesta.pdf\">Convocatoria_dise\u00f1o_propuesta<\/a><\/li>\n<li><a href=\"http:\/\/conagopareazuay.gob.ec\/w30\/wp-content\/uploads\/2018\/01\/Conformacion_equipo_rendicion_cuentas.pdf\">Conformacion_equipo_rendicion_cuentas<\/a><\/li>\n<li><a href=\"http:\/\/conagopareazuay.gob.ec\/w30\/wp-content\/uploads\/2018\/01\/Convocatoria_Socializaci\u00f3n_interna.pdf\">Convocatoria_Socializaci\u00f3n_interna<\/a><\/li>\n<li><a href=\"http:\/\/conagopareazuay.gob.ec\/w30\/wp-content\/uploads\/2018\/01\/Convocatoria_planificaci\u00f3n_evento.pdf\">Convocatoria_planificaci\u00f3n_evento<\/a><\/li>\n<li><a href=\"http:\/\/conagopareazuay.gob.ec\/w30\/wp-content\/uploads\/2018\/01\/instancias-de-participacion.pdf\">instancias de participacion<\/a><\/li>\n<li><a href=\"http:\/\/conagopareazuay.gob.ec\/w30\/wp-content\/uploads\/2018\/01\/Listado-de-aportes-ciudadanos.pdf\">Listado de aportes ciudadanos<\/a><\/li>\n<li><a href=\"http:\/\/conagopareazuay.gob.ec\/w30\/wp-content\/uploads\/2018\/01\/Convocatoria_rendicion_cuentas.pdf\">Convocatoria_rendicion_cuentas<\/a><\/li>\n<li><a href=\"http:\/\/conagopareazuay.gob.ec\/w30\/wp-content\/uploads\/2018\/01\/INFORME-DEL-EVENTO-DE-RENDICI\u00d3N-DE-CUENTAS.pdf\">INFORME DEL EVENTO DE RENDICI\u00d3N DE CUENTAS<\/a><\/li>\n<\/ul>\n<p><a href=\"https:\/\/issuu.com\/agopacomunicacion\/docs\/informe_rendicion_de_cuentas_2018_-\">https:\/\/issuu.com\/agopacomunicacion\/docs\/informe_rendicion_de_cuentas_2018_-<\/a><\/p>\n<div class=\"oceanwp-oembed-wrap clr\">\n<div data-url=\"https:\/\/issuu.com\/agopacomunicacion\/docs\/informe_rendicion_de_cuentas_2018_-\" style=\"width: 1200px; height: 338px;\" class=\"issuuembed\"><\/div>\n<p><script type=\"text\/javascript\" src=\"\/\/e.issuu.com\/embed.js\" async=\"true\"><\/script><\/div>\n<p>&nbsp;<\/p>\n<p>&nbsp;<\/p>\n","protected":false},"excerpt":{"rendered":"<div style=\"padding-bottom:20px; padding-top:10px;\" class=\"hupso-share-buttons\"><!-- Hupso Share Buttons - https:\/\/www.hupso.com\/share\/ --><a class=\"hupso_counters\" href=\"https:\/\/www.hupso.com\/share\/\"><img src=\"https:\/\/static.hupso.com\/share\/buttons\/lang\/es\/share-small.png\" style=\"border:0px; padding-top:2px; float:left;\" alt=\"Share Button\"\/><\/a><script type=\"text\/javascript\">var hupso_services_c=new Array(\"twitter\",\"facebook_like\",\"facebook_send\");var hupso_counters_lang = \"es_LA\";var hupso_image_folder_url = \"\";var hupso_url_c=\"\";var hupso_title_c=\"Rendici%C3%B3n%20de%20Cuentas%202018\";<\/script><script type=\"text\/javascript\" src=\"https:\/\/static.hupso.com\/share\/js\/counters.js\"><\/script><!-- Hupso Share Buttons --><\/div><p>Informe Rendicio\u0301n de Cuentas 2018 Convocatoria_dise\u00f1o_propuesta Conformacion_equipo_rendicion_cuentas Convocatoria_Socializaci\u00f3n_interna Convocatoria_planificaci\u00f3n_evento instancias de participacion Listado de aportes ciudadanos Convocatoria_rendicion_cuentas INFORME DEL EVENTO DE RENDICI\u00d3N DE CUENTAS https:\/\/issuu.com\/agopacomunicacion\/docs\/informe_rendicion_de_cuentas_2018_- &nbsp; &nbsp;<\/p>\n","protected":false},"author":1,"featured_media":0,"parent":0,"menu_order":0,"comment_status":"closed","ping_status":"closed","template":"","meta":{"footnotes":""},"class_list":["post-1753","page","type-page","status-publish","hentry","entry"],"_links":{"self":[{"href":"https:\/\/conagopareazuay.gob.ec\/w30\/wp-json\/wp\/v2\/pages\/1753","targetHints":{"allow":["GET"]}}],"collection":[{"href":"https:\/\/conagopareazuay.gob.ec\/w30\/wp-json\/wp\/v2\/pages"}],"about":[{"href":"https:\/\/conagopareazuay.gob.ec\/w30\/wp-json\/wp\/v2\/types\/page"}],"author":[{"embeddable":true,"href":"https:\/\/conagopareazuay.gob.ec\/w30\/wp-json\/wp\/v2\/users\/1"}],"replies":[{"embeddable":true,"href":"https:\/\/conagopareazuay.gob.ec\/w30\/wp-json\/wp\/v2\/comments?post=1753"}],"version-history":[{"count":10,"href":"https:\/\/conagopareazuay.gob.ec\/w30\/wp-json\/wp\/v2\/pages\/1753\/revisions"}],"predecessor-version":[{"id":3479,"href":"https:\/\/conagopareazuay.gob.ec\/w30\/wp-json\/wp\/v2\/pages\/1753\/revisions\/3479"}],"wp:attachment":[{"href":"https:\/\/conagopareazuay.gob.ec\/w30\/wp-json\/wp\/v2\/media?parent=1753"}],"curies":[{"name":"wp","href":"https:\/\/api.w.org\/{rel}","templated":true}]}}