{"id":1771,"date":"2018-01-31T19:53:02","date_gmt":"2018-01-31T19:53:02","guid":{"rendered":"http:\/\/conagopareazuay.gob.ec\/w30\/?page_id=1771"},"modified":"2019-03-22T20:44:06","modified_gmt":"2019-03-22T20:44:06","slug":"capacitacion-y-acompanamiento-tecnico-3","status":"publish","type":"page","link":"https:\/\/conagopareazuay.gob.ec\/w30\/capacitacion-y-acompanamiento-tecnico-3\/","title":{"rendered":"Capacitaci\u00f3n y acompa\u00f1amiento t\u00e9cnico"},"content":{"rendered":"<div style=\"padding-bottom:20px; padding-top:10px;\" class=\"hupso-share-buttons\"><!-- Hupso Share Buttons - https:\/\/www.hupso.com\/share\/ --><a class=\"hupso_counters\" href=\"https:\/\/www.hupso.com\/share\/\"><img decoding=\"async\" src=\"https:\/\/static.hupso.com\/share\/buttons\/lang\/es\/share-small.png\" style=\"border:0px; padding-top:2px; float:left;\" alt=\"Share Button\"\/><\/a><script type=\"text\/javascript\">var hupso_services_c=new Array(\"twitter\",\"facebook_like\",\"facebook_send\");var hupso_counters_lang = \"es_LA\";var hupso_image_folder_url = \"\";var hupso_url_c=\"\";var hupso_title_c=\"Capacitaci%C3%B3n%20y%20acompa%C3%B1amiento%20t%C3%A9cnico\";<\/script><script type=\"text\/javascript\" src=\"https:\/\/static.hupso.com\/share\/js\/counters.js\"><\/script><!-- Hupso Share Buttons --><\/div><p><a href=\"http:\/\/conagopareazuay.gob.ec\/w30\/wp-content\/uploads\/2018\/01\/Perfil-de-proyecto-T6-006.pdf\">Perfil de proyecto T6 006<\/a><\/p>\n<p><a href=\"http:\/\/conagopareazuay.gob.ec\/w30\/wp-content\/uploads\/2018\/01\/Perfil-de-proyecto-A1-015.pdf\">Perfil de proyecto A1 015<\/a><\/p>\n<p><a href=\"http:\/\/conagopareazuay.gob.ec\/w30\/wp-content\/uploads\/2018\/01\/Perfil-de-proyecto-A2-016.pdf\">Perfil de proyecto A2 016<\/a><\/p>\n<p><a href=\"http:\/\/conagopareazuay.gob.ec\/w30\/wp-content\/uploads\/2018\/01\/Perfil-de-proyecto-A3-017.pdf\">Perfil de proyecto A3 017<\/a><\/p>\n<p><a href=\"http:\/\/conagopareazuay.gob.ec\/w30\/wp-content\/uploads\/2018\/01\/Perfil-de-proyecto-T5-014.pdf\">Perfil de proyecto T5 014<\/a><\/p>\n<p><a href=\"http:\/\/conagopareazuay.gob.ec\/w30\/wp-content\/uploads\/2018\/01\/Perfil-de-proyecto-T4-013.pdf\">Perfil de proyecto T4 013<\/a><\/p>\n<p><a href=\"http:\/\/conagopareazuay.gob.ec\/w30\/wp-content\/uploads\/2018\/01\/Perfil-de-proyecto-T3-012.pdf\">Perfil de proyecto T3 012<\/a><\/p>\n<p><a href=\"http:\/\/conagopareazuay.gob.ec\/w30\/wp-content\/uploads\/2018\/01\/Perfil-de-proyecto-T2-011.pdf\">Perfil de proyecto T2 011<\/a><\/p>\n<p><a href=\"http:\/\/conagopareazuay.gob.ec\/w30\/wp-content\/uploads\/2018\/01\/Perfil-de-proyecto-T1-010.pdf\">Perfil de proyecto T1 010<\/a><\/p>\n<p>&nbsp;<\/p>\n","protected":false},"excerpt":{"rendered":"<div style=\"padding-bottom:20px; padding-top:10px;\" class=\"hupso-share-buttons\"><!-- Hupso Share Buttons - https:\/\/www.hupso.com\/share\/ --><a class=\"hupso_counters\" href=\"https:\/\/www.hupso.com\/share\/\"><img src=\"https:\/\/static.hupso.com\/share\/buttons\/lang\/es\/share-small.png\" style=\"border:0px; padding-top:2px; float:left;\" alt=\"Share Button\"\/><\/a><script type=\"text\/javascript\">var hupso_services_c=new Array(\"twitter\",\"facebook_like\",\"facebook_send\");var hupso_counters_lang = \"es_LA\";var hupso_image_folder_url = \"\";var hupso_url_c=\"\";var hupso_title_c=\"Capacitaci%C3%B3n%20y%20acompa%C3%B1amiento%20t%C3%A9cnico\";<\/script><script type=\"text\/javascript\" src=\"https:\/\/static.hupso.com\/share\/js\/counters.js\"><\/script><!-- Hupso Share Buttons --><\/div><p>Perfil de proyecto T6 006 Perfil de proyecto A1 015 Perfil de proyecto A2 016 Perfil de proyecto A3 017 Perfil de proyecto T5 014 Perfil de proyecto T4 013 Perfil de proyecto T3 012 Perfil de proyecto T2 011 Perfil de proyecto T1 010 &nbsp;<\/p>\n","protected":false},"author":1,"featured_media":0,"parent":0,"menu_order":0,"comment_status":"closed","ping_status":"closed","template":"","meta":{"footnotes":""},"class_list":["post-1771","page","type-page","status-publish","hentry","entry"],"_links":{"self":[{"href":"https:\/\/conagopareazuay.gob.ec\/w30\/wp-json\/wp\/v2\/pages\/1771","targetHints":{"allow":["GET"]}}],"collection":[{"href":"https:\/\/conagopareazuay.gob.ec\/w30\/wp-json\/wp\/v2\/pages"}],"about":[{"href":"https:\/\/conagopareazuay.gob.ec\/w30\/wp-json\/wp\/v2\/types\/page"}],"author":[{"embeddable":true,"href":"https:\/\/conagopareazuay.gob.ec\/w30\/wp-json\/wp\/v2\/users\/1"}],"replies":[{"embeddable":true,"href":"https:\/\/conagopareazuay.gob.ec\/w30\/wp-json\/wp\/v2\/comments?post=1771"}],"version-history":[{"count":3,"href":"https:\/\/conagopareazuay.gob.ec\/w30\/wp-json\/wp\/v2\/pages\/1771\/revisions"}],"predecessor-version":[{"id":2451,"href":"https:\/\/conagopareazuay.gob.ec\/w30\/wp-json\/wp\/v2\/pages\/1771\/revisions\/2451"}],"wp:attachment":[{"href":"https:\/\/conagopareazuay.gob.ec\/w30\/wp-json\/wp\/v2\/media?parent=1771"}],"curies":[{"name":"wp","href":"https:\/\/api.w.org\/{rel}","templated":true}]}}