{"id":2375,"date":"2019-02-07T15:01:02","date_gmt":"2019-02-07T15:01:02","guid":{"rendered":"http:\/\/conagopareazuay.gob.ec\/w30\/?page_id=2375"},"modified":"2021-06-07T14:41:27","modified_gmt":"2021-06-07T14:41:27","slug":"rendicion-de-cuentas-2019","status":"publish","type":"page","link":"https:\/\/conagopareazuay.gob.ec\/w30\/rendicion-de-cuentas-2019\/","title":{"rendered":"Rendici\u00f3n de Cuentas 2019"},"content":{"rendered":"<div style=\"padding-bottom:20px; padding-top:10px;\" class=\"hupso-share-buttons\"><!-- Hupso Share Buttons - https:\/\/www.hupso.com\/share\/ --><a class=\"hupso_counters\" href=\"https:\/\/www.hupso.com\/share\/\"><img decoding=\"async\" src=\"https:\/\/static.hupso.com\/share\/buttons\/lang\/es\/share-small.png\" style=\"border:0px; padding-top:2px; float:left;\" alt=\"Share Button\"\/><\/a><script type=\"text\/javascript\">var hupso_services_c=new Array(\"twitter\",\"facebook_like\",\"facebook_send\");var hupso_counters_lang = \"es_LA\";var hupso_image_folder_url = \"\";var hupso_url_c=\"\";var hupso_title_c=\"Rendici%C3%B3n%20de%20Cuentas%202019\";<\/script><script type=\"text\/javascript\" src=\"https:\/\/static.hupso.com\/share\/js\/counters.js\"><\/script><!-- Hupso Share Buttons --><\/div><h2><a href=\"https:\/\/conagopareazuay.gob.ec\/w30\/wp-content\/uploads\/2021\/01\/rendicioo\u0301n-de-cuentas-2019.pdf\">Informe Rendicio\u0301n de Cuentas 2019<\/a><\/h2>\n<ul>\n<li><a href=\"https:\/\/conagopareazuay.gob.ec\/w30\/wp-content\/uploads\/2021\/01\/Gmail-LOTAIP2019-CONAGOPARE-AZUAY-1.pdf\">Transparencia y Acceso a Informaci\u00f3n Defensor\u00eda del Pueblo- LOTAIP2019 CONAGOPARE AZUAY (1)<\/a><\/li>\n<li><span style=\"color: #993366;\"><a href=\"https:\/\/conagopareazuay.gob.ec\/w30\/wp-content\/uploads\/2020\/09\/Informe-de-rendici\u00f3n-de-cuentas-enero-diciembre-2019-1.pdf\">Presentaci\u00f3n rendici\u00f3n de cuentas enero diciembre 2019 (1)<\/a><\/span><\/li>\n<\/ul>\n<p><span style=\"color: #993366;\">Tambi\u00e9n puede revisarlo ingresando aqu\u00ed<\/span><\/p>\n<div class=\"oceanwp-oembed-wrap clr\">\n<div data-url=\"https:\/\/issuu.com\/wgiovanny\/docs\/informe_de_rendici_n_de_cuentas_enero_diciembre_20\" style=\"width: 1200px; height: 338px;\" class=\"issuuembed\"><\/div>\n<p><script type=\"text\/javascript\" src=\"\/\/e.issuu.com\/embed.js\" async=\"true\"><\/script><\/div>\n<h3>APORTES CIUDADANOS<\/h3>\n<p>Su opini\u00f3n es importante, por favor h\u00e1ganos llegar sus aportes, ingresando en el siguiente <span style=\"color: #3366ff;\">link<\/span><\/p>\n<p><a href=\"https:\/\/bit.ly\/2G6JA8a\">https:\/\/bit.ly\/2G6JA8a<\/a><\/p>\n<p><a href=\"https:\/\/conagopareazuay.gob.ec\/w30\/wp-content\/uploads\/2021\/05\/APORTES-RECIBIDOS.pdf\">APORTES RECIBIDOS\u00a0<\/a><\/p>\n<p><a href=\"https:\/\/conagopareazuay.gob.ec\/w30\/wp-content\/uploads\/2021\/06\/Informe-cumplimineto-aportes-ciudadanos-2019.pdf\">Informe de aportes recibidos 2019<\/a><\/p>\n","protected":false},"excerpt":{"rendered":"<div style=\"padding-bottom:20px; padding-top:10px;\" class=\"hupso-share-buttons\"><!-- Hupso Share Buttons - https:\/\/www.hupso.com\/share\/ --><a class=\"hupso_counters\" href=\"https:\/\/www.hupso.com\/share\/\"><img src=\"https:\/\/static.hupso.com\/share\/buttons\/lang\/es\/share-small.png\" style=\"border:0px; padding-top:2px; float:left;\" alt=\"Share Button\"\/><\/a><script type=\"text\/javascript\">var hupso_services_c=new Array(\"twitter\",\"facebook_like\",\"facebook_send\");var hupso_counters_lang = \"es_LA\";var hupso_image_folder_url = \"\";var hupso_url_c=\"\";var hupso_title_c=\"Rendici%C3%B3n%20de%20Cuentas%202019\";<\/script><script type=\"text\/javascript\" src=\"https:\/\/static.hupso.com\/share\/js\/counters.js\"><\/script><!-- Hupso Share Buttons --><\/div><p>Informe Rendicio\u0301n de Cuentas 2019 Transparencia y Acceso a Informaci\u00f3n Defensor\u00eda del Pueblo- LOTAIP2019 CONAGOPARE AZUAY (1) Presentaci\u00f3n rendici\u00f3n de cuentas enero diciembre 2019 (1) Tambi\u00e9n puede revisarlo ingresando aqu\u00ed APORTES CIUDADANOS Su opini\u00f3n es importante, por favor h\u00e1ganos llegar sus aportes, ingresando en el siguiente link https:\/\/bit.ly\/2G6JA8a APORTES RECIBIDOS\u00a0 Informe de aportes recibidos 2019<\/p>\n","protected":false},"author":1,"featured_media":0,"parent":0,"menu_order":0,"comment_status":"closed","ping_status":"closed","template":"","meta":{"footnotes":""},"class_list":["post-2375","page","type-page","status-publish","hentry","entry"],"_links":{"self":[{"href":"https:\/\/conagopareazuay.gob.ec\/w30\/wp-json\/wp\/v2\/pages\/2375","targetHints":{"allow":["GET"]}}],"collection":[{"href":"https:\/\/conagopareazuay.gob.ec\/w30\/wp-json\/wp\/v2\/pages"}],"about":[{"href":"https:\/\/conagopareazuay.gob.ec\/w30\/wp-json\/wp\/v2\/types\/page"}],"author":[{"embeddable":true,"href":"https:\/\/conagopareazuay.gob.ec\/w30\/wp-json\/wp\/v2\/users\/1"}],"replies":[{"embeddable":true,"href":"https:\/\/conagopareazuay.gob.ec\/w30\/wp-json\/wp\/v2\/comments?post=2375"}],"version-history":[{"count":24,"href":"https:\/\/conagopareazuay.gob.ec\/w30\/wp-json\/wp\/v2\/pages\/2375\/revisions"}],"predecessor-version":[{"id":3847,"href":"https:\/\/conagopareazuay.gob.ec\/w30\/wp-json\/wp\/v2\/pages\/2375\/revisions\/3847"}],"wp:attachment":[{"href":"https:\/\/conagopareazuay.gob.ec\/w30\/wp-json\/wp\/v2\/media?parent=2375"}],"curies":[{"name":"wp","href":"https:\/\/api.w.org\/{rel}","templated":true}]}}