{"id":255,"date":"2016-03-22T01:38:47","date_gmt":"2016-03-22T01:38:47","guid":{"rendered":"http:\/\/conagopareazuay.gob.ec\/w30\/?page_id=255"},"modified":"2025-12-23T17:30:39","modified_gmt":"2025-12-23T17:30:39","slug":"base-legal","status":"publish","type":"page","link":"https:\/\/conagopareazuay.gob.ec\/w30\/base-legal\/","title":{"rendered":"Base Legal"},"content":{"rendered":"<div style=\"padding-bottom:20px; padding-top:10px;\" class=\"hupso-share-buttons\"><!-- Hupso Share Buttons - https:\/\/www.hupso.com\/share\/ --><a class=\"hupso_counters\" href=\"https:\/\/www.hupso.com\/share\/\"><img decoding=\"async\" src=\"https:\/\/static.hupso.com\/share\/buttons\/lang\/es\/share-small.png\" style=\"border:0px; padding-top:2px; float:left;\" alt=\"Share Button\"\/><\/a><script type=\"text\/javascript\">var hupso_services_c=new Array(\"twitter\",\"facebook_like\",\"facebook_send\");var hupso_counters_lang = \"es_LA\";var hupso_image_folder_url = \"\";var hupso_url_c=\"\";var hupso_title_c=\"Base%20Legal\";<\/script><script type=\"text\/javascript\" src=\"https:\/\/static.hupso.com\/share\/js\/counters.js\"><\/script><!-- Hupso Share Buttons --><\/div><h2>2025<\/h2>\n<ul>\n<li><a href=\"https:\/\/conagopareazuay.gob.ec\/w30\/wp-content\/uploads\/2025\/12\/RESOLUCION-POA-006-2025-Aprobacion-POA-Presupuesto-2026-signed.pdf\">RESOLUCIO\u0301N POA 006 2025- Aprobacion POA Presupuesto 2026-signed<\/a><\/li>\n<li><a href=\"https:\/\/conagopareazuay.gob.ec\/w30\/wp-content\/uploads\/2025\/12\/Resolucion-005-2025-POA-PRESUPUESTO-signed.pdf\">Resolucio\u0301n 005-2025 POA-PRESUPUESTO-signed<\/a><\/li>\n<li><a href=\"https:\/\/conagopareazuay.gob.ec\/w30\/wp-content\/uploads\/2025\/12\/Resolucion-004-2025-POA-PRESUPUESTO-signed.pdf\">Resolucio\u0301n 004-2025 POA-PRESUPUESTO-signed<\/a><\/li>\n<li><a href=\"https:\/\/conagopareazuay.gob.ec\/w30\/wp-content\/uploads\/2025\/12\/Resolucion-003-2025-POA-PRESUPUESTO-signed.pdf\">Resolucio\u0301n 003-2025 POA-PRESUPUESTO-signed<\/a><\/li>\n<li><a href=\"https:\/\/conagopareazuay.gob.ec\/w30\/wp-content\/uploads\/2025\/12\/Resolucion-002-2025-POA-PRESUPUESTO-.docx-signed.pdf\">Resolucio\u0301n 002-2025 POA-PRESUPUESTO .docx-signed<\/a><\/li>\n<\/ul>\n<h2><span style=\"color: #003366;\">2023<\/span><\/h2>\n<ul>\n<li><a href=\"https:\/\/conagopareazuay.gob.ec\/w30\/wp-content\/uploads\/2023\/05\/Organico-Funcional-CONAGOPARE-AZUAY-2023-signed-signed.pdf\" target=\"_blank\" rel=\"noopener\">Org\u00e1nico Funcional 2023<\/a><\/li>\n<li><a href=\"https:\/\/conagopareazuay.gob.ec\/w30\/wp-content\/uploads\/2024\/01\/RESOLUCION-COMITE-DE-TRANSPARENCIA.pdf\">RESOLUCIO\u0301N COMITE DE TRANSPARENCIA<\/a><\/li>\n<\/ul>\n<h2><span style=\"color: #003366;\">2021<\/span><\/h2>\n<h3><a href=\"https:\/\/conagopareazuay.gob.ec\/w30\/wp-content\/uploads\/2021\/07\/Organico-Funcional-comprimido.pdf\">Org\u00e1nico Funcional 2021<\/a><\/h3>\n<ul>\n<li><a href=\"https:\/\/conagopareazuay.gob.ec\/w30\/wp-content\/uploads\/2021\/09\/MANUEL-PUESTOS-de-valoracion-conagopare-2021.pdf\">MANUAL DE PUESTOS DE VALORACI\u00d3N 2021<\/a><\/li>\n<li><a href=\"http:\/\/conagopareazuay.gob.ec\/w30\/wp-content\/uploads\/2016\/03\/Organico-Funcional-conagopare-2014.pdf\" rel=\"\">Organico Funcional conagopare 2014<\/a><\/li>\n<li><a href=\"http:\/\/conagopareazuay.gob.ec\/w30\/wp-content\/uploads\/2016\/03\/Estatuto-del-CONAGOPARE.-Ultimo.pdf\" rel=\"\">Estatuto del CONAGOPARE.- Ultimo<\/a><\/li>\n<li><a href=\"http:\/\/conagopareazuay.gob.ec\/w30\/wp-content\/uploads\/2016\/03\/REGLAMENTO-INTERNO-CONAGOPARE-2015-Ultima.pdf\" rel=\"\">REGLAMENTO INTERNO CONAGOPARE 2015 Ultima<\/a><a href=\"http:\/\/conagopareazuay.gob.ec\/w30\/wp-content\/uploads\/2016\/03\/manual-de-valoracion-conagopare-2014.pdf\" rel=\"\">manual de valoracion conagopare 2014<\/a><\/li>\n<li><a href=\"http:\/\/conagopareazuay.gob.ec\/w30\/wp-content\/uploads\/2016\/03\/C\u00f3digo_Org\u00e1nico-de-Planificaci\u00f3n_y_Finanzas_P\u00fablicas.pdf\" rel=\"\">C\u00f3digo_Org\u00e1nico de Planificaci\u00f3n_y_Finanzas_P\u00fablicas<\/a><\/li>\n<li><a href=\"http:\/\/conagopareazuay.gob.ec\/w30\/wp-content\/uploads\/2016\/03\/codigo-de-trabajo.pdf\" rel=\"\">codigo-de-trabajo<\/a><\/li>\n<li><a href=\"http:\/\/conagopareazuay.gob.ec\/w30\/wp-content\/uploads\/2016\/03\/constitucion_de_bolsillo.pdf\" rel=\"\">constitucion_de_bolsillo<\/a><\/li>\n<li><a href=\"http:\/\/conagopareazuay.gob.ec\/w30\/wp-content\/uploads\/2016\/03\/enmienda-constitucional-2015.pdf\" rel=\"\">enmienda constitucional 2015<\/a><\/li>\n<li><a href=\"http:\/\/conagopareazuay.gob.ec\/w30\/wp-content\/uploads\/2016\/03\/ley_organica_contratacion.pdf\" rel=\"\">ley_organica_contratacion<\/a><\/li>\n<li><a href=\"http:\/\/conagopareazuay.gob.ec\/w30\/wp-content\/uploads\/2016\/03\/losep.pdf\" rel=\"\">losep<\/a><\/li>\n<li><a href=\"http:\/\/conagopareazuay.gob.ec\/w30\/wp-content\/uploads\/2016\/03\/reformas-cootad-21012014.pdf\" rel=\"\">reformas cootad 21012014<\/a><\/li>\n<li><a href=\"http:\/\/conagopareazuay.gob.ec\/w30\/wp-content\/uploads\/2016\/03\/ReglamentoGeneralLeyOrgSNCP.pdf\" rel=\"\">ReglamentoGeneralLeyOrgSNCP\u00a0<\/a><\/li>\n<li><a href=\"https:\/\/conagopareazuay.gob.ec\/w30\/wp-content\/uploads\/2020\/08\/resolucion-teletrabajo-conagopare.pdf\">resolucion teletrabajo conagopare<\/a><\/li>\n<li><a href=\"https:\/\/conagopareazuay.gob.ec\/w30\/wp-content\/uploads\/2020\/08\/reforma-2-resolucion-teletrabajo-1.pdf\">reforma 2 resolucion teletrabajo (1)<\/a><\/li>\n<li><a href=\"https:\/\/conagopareazuay.gob.ec\/w30\/wp-content\/uploads\/2020\/08\/reforma-resolucion-teletrabajo.pdf\">reforma resolucion teletrabajo<\/a><\/li>\n<li><a href=\"https:\/\/conagopareazuay.gob.ec\/w30\/wp-content\/uploads\/2020\/08\/resolucion-de-retorno-laboral-final-FIRMADO.pdf\">resolucion de retorno laboral final FIRMADO<\/a><\/li>\n<li><a href=\"https:\/\/conagopareazuay.gob.ec\/w30\/wp-content\/uploads\/2020\/12\/Reglamento-sesiones-CONAGOPARE-2016.pdf\">Reglamento sesiones CONAGOPARE 2016<\/a><\/li>\n<\/ul>\n","protected":false},"excerpt":{"rendered":"<div style=\"padding-bottom:20px; padding-top:10px;\" class=\"hupso-share-buttons\"><!-- Hupso Share Buttons - https:\/\/www.hupso.com\/share\/ --><a class=\"hupso_counters\" href=\"https:\/\/www.hupso.com\/share\/\"><img src=\"https:\/\/static.hupso.com\/share\/buttons\/lang\/es\/share-small.png\" style=\"border:0px; padding-top:2px; float:left;\" alt=\"Share Button\"\/><\/a><script type=\"text\/javascript\">var hupso_services_c=new Array(\"twitter\",\"facebook_like\",\"facebook_send\");var hupso_counters_lang = \"es_LA\";var hupso_image_folder_url = \"\";var hupso_url_c=\"\";var hupso_title_c=\"Base%20Legal\";<\/script><script type=\"text\/javascript\" src=\"https:\/\/static.hupso.com\/share\/js\/counters.js\"><\/script><!-- Hupso Share Buttons --><\/div><p>2025 RESOLUCIO\u0301N POA 006 2025- Aprobacion POA Presupuesto 2026-signed Resolucio\u0301n 005-2025 POA-PRESUPUESTO-signed Resolucio\u0301n 004-2025 POA-PRESUPUESTO-signed Resolucio\u0301n 003-2025 POA-PRESUPUESTO-signed Resolucio\u0301n 002-2025 POA-PRESUPUESTO .docx-signed 2023 Org\u00e1nico Funcional 2023 RESOLUCIO\u0301N COMITE DE TRANSPARENCIA 2021 Org\u00e1nico Funcional 2021 MANUAL DE PUESTOS DE VALORACI\u00d3N 2021 Organico Funcional conagopare 2014 Estatuto del CONAGOPARE.- Ultimo REGLAMENTO INTERNO CONAGOPARE 2015 Ultimamanual de valoracion [&hellip;]<\/p>\n","protected":false},"author":1,"featured_media":0,"parent":0,"menu_order":0,"comment_status":"closed","ping_status":"closed","template":"","meta":{"footnotes":""},"class_list":["post-255","page","type-page","status-publish","hentry","entry"],"_links":{"self":[{"href":"https:\/\/conagopareazuay.gob.ec\/w30\/wp-json\/wp\/v2\/pages\/255","targetHints":{"allow":["GET"]}}],"collection":[{"href":"https:\/\/conagopareazuay.gob.ec\/w30\/wp-json\/wp\/v2\/pages"}],"about":[{"href":"https:\/\/conagopareazuay.gob.ec\/w30\/wp-json\/wp\/v2\/types\/page"}],"author":[{"embeddable":true,"href":"https:\/\/conagopareazuay.gob.ec\/w30\/wp-json\/wp\/v2\/users\/1"}],"replies":[{"embeddable":true,"href":"https:\/\/conagopareazuay.gob.ec\/w30\/wp-json\/wp\/v2\/comments?post=255"}],"version-history":[{"count":15,"href":"https:\/\/conagopareazuay.gob.ec\/w30\/wp-json\/wp\/v2\/pages\/255\/revisions"}],"predecessor-version":[{"id":6504,"href":"https:\/\/conagopareazuay.gob.ec\/w30\/wp-json\/wp\/v2\/pages\/255\/revisions\/6504"}],"wp:attachment":[{"href":"https:\/\/conagopareazuay.gob.ec\/w30\/wp-json\/wp\/v2\/media?parent=255"}],"curies":[{"name":"wp","href":"https:\/\/api.w.org\/{rel}","templated":true}]}}