{"id":261,"date":"2016-03-22T01:39:25","date_gmt":"2016-03-22T01:39:25","guid":{"rendered":"http:\/\/conagopareazuay.gob.ec\/w30\/?page_id=261"},"modified":"2017-07-03T20:28:08","modified_gmt":"2017-07-03T20:28:08","slug":"rendicion-de-cuentas-2016","status":"publish","type":"page","link":"https:\/\/conagopareazuay.gob.ec\/w30\/rendicion-de-cuentas-2016\/","title":{"rendered":"Rendici\u00f3n de Cuentas 2016"},"content":{"rendered":"<div style=\"padding-bottom:20px; padding-top:10px;\" class=\"hupso-share-buttons\"><!-- Hupso Share Buttons - https:\/\/www.hupso.com\/share\/ --><a class=\"hupso_counters\" href=\"https:\/\/www.hupso.com\/share\/\"><img decoding=\"async\" src=\"https:\/\/static.hupso.com\/share\/buttons\/lang\/es\/share-small.png\" style=\"border:0px; padding-top:2px; float:left;\" alt=\"Share Button\"\/><\/a><script type=\"text\/javascript\">var hupso_services_c=new Array(\"twitter\",\"facebook_like\",\"facebook_send\");var hupso_counters_lang = \"es_LA\";var hupso_image_folder_url = \"\";var hupso_url_c=\"\";var hupso_title_c=\"Rendici%C3%B3n%20de%20Cuentas%202016\";<\/script><script type=\"text\/javascript\" src=\"https:\/\/static.hupso.com\/share\/js\/counters.js\"><\/script><!-- Hupso Share Buttons --><\/div><p><a href=\"http:\/\/conagopareazuay.gob.ec\/w30\/wp-content\/uploads\/2016\/03\/Formulario_Rendici\u00f3n-de-Cuentas-2016-CONAGOPARE.xlsx\">Formulario_Rendici\u00f3n de Cuentas 2016 CONAGOPARE<\/a><a href=\"http:\/\/conagopareazuay.gob.ec\/w30\/wp-content\/uploads\/2016\/03\/Conformaci\u00f3n-del-equipo-Rendici\u00f3n-Cuentas.pdf\">Conformaci\u00f3n del equipo Rendici\u00f3n Cuentas<\/a><\/p>\n<p><a href=\"http:\/\/conagopareazuay.gob.ec\/w30\/wp-content\/uploads\/2016\/03\/Convocatoria_Dise\u00f1o-de-la-Propuesta.pdf\">Convocatoria_Dise\u00f1o de la Propuesta<\/a><\/p>\n<p><a href=\"http:\/\/conagopareazuay.gob.ec\/w30\/wp-content\/uploads\/2016\/03\/Convocatoria_Socializaci\u00f3n-Interna.pdf\">Convocatoria_Socializaci\u00f3n Interna<\/a><\/p>\n<p><a href=\"http:\/\/conagopareazuay.gob.ec\/w30\/wp-content\/uploads\/2016\/03\/Convocatoria_Planificaci\u00f3n-Eventos-Participativos-1.pdf\">Convocatoria_Planificaci\u00f3n Eventos Participativos<\/a><\/p>\n<p><a href=\"http:\/\/conagopareazuay.gob.ec\/w30\/wp-content\/uploads\/2016\/03\/informe-evento-rendicion-de-cuentas.pdf\">informe evento rendicion de cuentas<\/a><\/p>\n<p><a href=\"http:\/\/conagopareazuay.gob.ec\/w30\/wp-content\/uploads\/2016\/03\/Incorporaci\u00f3n-de-Aportes-Ciudadanos-1.pdf\">Incorporaci\u00f3n de Aportes Ciudadanos<\/a><\/p>\n<p><a href=\"http:\/\/conagopareazuay.gob.ec\/w30\/wp-content\/uploads\/2016\/03\/Evaluaci\u00f3n-de-la-Gesti\u00f3n-Institucional.pdf\">Evaluaci\u00f3n de la Gesti\u00f3n Institucional<\/a><\/p>\n<p><a href=\"http:\/\/conagopareazuay.gob.ec\/w30\/wp-content\/uploads\/2016\/03\/Instancias-de-Participaci\u00f3n.pdf\">Instancias de Participaci\u00f3n<\/a><\/p>\n<p><a href=\"http:\/\/conagopareazuay.gob.ec\/w30\/wp-content\/uploads\/2016\/03\/Formulario_Rendici\u00f3n-de-Cuentas-2016-CONAGOPARE.xlsx\">Formulario_Rendici\u00f3n de Cuentas 2016 CONAGOPARE<\/a><\/p>\n<p>&nbsp;<\/p>\n<p>&nbsp;<\/p>\n<p>&nbsp;<\/p>\n<p>&nbsp;<\/p>\n<p>&nbsp;<\/p>\n<p>&nbsp;<\/p>\n","protected":false},"excerpt":{"rendered":"<div style=\"padding-bottom:20px; padding-top:10px;\" class=\"hupso-share-buttons\"><!-- Hupso Share Buttons - https:\/\/www.hupso.com\/share\/ --><a class=\"hupso_counters\" href=\"https:\/\/www.hupso.com\/share\/\"><img src=\"https:\/\/static.hupso.com\/share\/buttons\/lang\/es\/share-small.png\" style=\"border:0px; padding-top:2px; float:left;\" alt=\"Share Button\"\/><\/a><script type=\"text\/javascript\">var hupso_services_c=new Array(\"twitter\",\"facebook_like\",\"facebook_send\");var hupso_counters_lang = \"es_LA\";var hupso_image_folder_url = \"\";var hupso_url_c=\"\";var hupso_title_c=\"Rendici%C3%B3n%20de%20Cuentas%202016\";<\/script><script type=\"text\/javascript\" src=\"https:\/\/static.hupso.com\/share\/js\/counters.js\"><\/script><!-- Hupso Share Buttons --><\/div><p>Formulario_Rendici\u00f3n de Cuentas 2016 CONAGOPAREConformaci\u00f3n del equipo Rendici\u00f3n Cuentas Convocatoria_Dise\u00f1o de la Propuesta Convocatoria_Socializaci\u00f3n Interna Convocatoria_Planificaci\u00f3n Eventos Participativos informe evento rendicion de cuentas Incorporaci\u00f3n de Aportes Ciudadanos Evaluaci\u00f3n de la Gesti\u00f3n Institucional Instancias de Participaci\u00f3n Formulario_Rendici\u00f3n de Cuentas 2016 CONAGOPARE &nbsp; &nbsp; &nbsp; &nbsp; &nbsp; &nbsp;<\/p>\n","protected":false},"author":1,"featured_media":0,"parent":0,"menu_order":0,"comment_status":"closed","ping_status":"closed","template":"","meta":{"footnotes":""},"class_list":["post-261","page","type-page","status-publish","hentry","entry"],"_links":{"self":[{"href":"https:\/\/conagopareazuay.gob.ec\/w30\/wp-json\/wp\/v2\/pages\/261","targetHints":{"allow":["GET"]}}],"collection":[{"href":"https:\/\/conagopareazuay.gob.ec\/w30\/wp-json\/wp\/v2\/pages"}],"about":[{"href":"https:\/\/conagopareazuay.gob.ec\/w30\/wp-json\/wp\/v2\/types\/page"}],"author":[{"embeddable":true,"href":"https:\/\/conagopareazuay.gob.ec\/w30\/wp-json\/wp\/v2\/users\/1"}],"replies":[{"embeddable":true,"href":"https:\/\/conagopareazuay.gob.ec\/w30\/wp-json\/wp\/v2\/comments?post=261"}],"version-history":[{"count":9,"href":"https:\/\/conagopareazuay.gob.ec\/w30\/wp-json\/wp\/v2\/pages\/261\/revisions"}],"predecessor-version":[{"id":1537,"href":"https:\/\/conagopareazuay.gob.ec\/w30\/wp-json\/wp\/v2\/pages\/261\/revisions\/1537"}],"wp:attachment":[{"href":"https:\/\/conagopareazuay.gob.ec\/w30\/wp-json\/wp\/v2\/media?parent=261"}],"curies":[{"name":"wp","href":"https:\/\/api.w.org\/{rel}","templated":true}]}}