{"id":356,"date":"2016-03-28T16:09:47","date_gmt":"2016-03-28T16:09:47","guid":{"rendered":"http:\/\/conagopareazuay.gob.ec\/w30\/?page_id=356"},"modified":"2016-06-03T17:15:54","modified_gmt":"2016-06-03T17:15:54","slug":"capacitacion-y-acompanamiento-tecnico-2","status":"publish","type":"page","link":"https:\/\/conagopareazuay.gob.ec\/w30\/capacitacion-y-acompanamiento-tecnico-2\/","title":{"rendered":"Capacitaci\u00f3n y acompa\u00f1amiento t\u00e9cnico"},"content":{"rendered":"<div style=\"padding-bottom:20px; padding-top:10px;\" class=\"hupso-share-buttons\"><!-- Hupso Share Buttons - https:\/\/www.hupso.com\/share\/ --><a class=\"hupso_counters\" href=\"https:\/\/www.hupso.com\/share\/\"><img decoding=\"async\" src=\"https:\/\/static.hupso.com\/share\/buttons\/lang\/es\/share-small.png\" style=\"border:0px; padding-top:2px; float:left;\" alt=\"Share Button\"\/><\/a><script type=\"text\/javascript\">var hupso_services_c=new Array(\"twitter\",\"facebook_like\",\"facebook_send\");var hupso_counters_lang = \"es_LA\";var hupso_image_folder_url = \"\";var hupso_url_c=\"\";var hupso_title_c=\"Capacitaci%C3%B3n%20y%20acompa%C3%B1amiento%20t%C3%A9cnico\";<\/script><script type=\"text\/javascript\" src=\"https:\/\/static.hupso.com\/share\/js\/counters.js\"><\/script><!-- Hupso Share Buttons --><\/div><p>&nbsp;<\/p>\n<p><a href=\"http:\/\/conagopareazuay.gob.ec\/w30\/wp-content\/uploads\/2016\/03\/Administracion-de-Talento-Humano.pdf\" rel=\"\">Administracion de Talento Humano<\/a><\/p>\n<p><a href=\"http:\/\/conagopareazuay.gob.ec\/w30\/wp-content\/uploads\/2016\/03\/Capacitacion-en-Administracion-P\u00fablica.pdf\" rel=\"\">Capacitacion en Administracion P\u00fablica<\/a><\/p>\n<p><a href=\"http:\/\/conagopareazuay.gob.ec\/w30\/wp-content\/uploads\/2016\/03\/Perfil-Proyecto-Administraci\u00f3n-y-Fiscalizaci\u00f3n-de-Obras.pdf\" rel=\"\">Perfil Proyecto Administraci\u00f3n y Fiscalizaci\u00f3n de Obras<\/a><\/p>\n<p><a href=\"http:\/\/conagopareazuay.gob.ec\/w30\/wp-content\/uploads\/2016\/03\/Perfil-Proyecto-Capacitaci\u00f3n-Rendici\u00f3n-de-Cuentas.pdf\" rel=\"\">Perfil Proyecto Capacitaci\u00f3n Rendici\u00f3n de Cuentas<\/a><\/p>\n<p><a href=\"http:\/\/conagopareazuay.gob.ec\/w30\/wp-content\/uploads\/2016\/03\/Perfil-Proyecto-T\u00e9cnicos.pdf\" rel=\"\">Perfil Proyecto T\u00e9cnicos<\/a><\/p>\n","protected":false},"excerpt":{"rendered":"<div style=\"padding-bottom:20px; padding-top:10px;\" class=\"hupso-share-buttons\"><!-- Hupso Share Buttons - https:\/\/www.hupso.com\/share\/ --><a class=\"hupso_counters\" href=\"https:\/\/www.hupso.com\/share\/\"><img src=\"https:\/\/static.hupso.com\/share\/buttons\/lang\/es\/share-small.png\" style=\"border:0px; padding-top:2px; float:left;\" alt=\"Share Button\"\/><\/a><script type=\"text\/javascript\">var hupso_services_c=new Array(\"twitter\",\"facebook_like\",\"facebook_send\");var hupso_counters_lang = \"es_LA\";var hupso_image_folder_url = \"\";var hupso_url_c=\"\";var hupso_title_c=\"Capacitaci%C3%B3n%20y%20acompa%C3%B1amiento%20t%C3%A9cnico\";<\/script><script type=\"text\/javascript\" src=\"https:\/\/static.hupso.com\/share\/js\/counters.js\"><\/script><!-- Hupso Share Buttons --><\/div><p>&nbsp; Administracion de Talento Humano Capacitacion en Administracion P\u00fablica Perfil Proyecto Administraci\u00f3n y Fiscalizaci\u00f3n de Obras Perfil Proyecto Capacitaci\u00f3n Rendici\u00f3n de Cuentas Perfil Proyecto T\u00e9cnicos<\/p>\n","protected":false},"author":1,"featured_media":0,"parent":0,"menu_order":0,"comment_status":"closed","ping_status":"closed","template":"","meta":{"footnotes":""},"class_list":["post-356","page","type-page","status-publish","hentry","entry"],"_links":{"self":[{"href":"https:\/\/conagopareazuay.gob.ec\/w30\/wp-json\/wp\/v2\/pages\/356","targetHints":{"allow":["GET"]}}],"collection":[{"href":"https:\/\/conagopareazuay.gob.ec\/w30\/wp-json\/wp\/v2\/pages"}],"about":[{"href":"https:\/\/conagopareazuay.gob.ec\/w30\/wp-json\/wp\/v2\/types\/page"}],"author":[{"embeddable":true,"href":"https:\/\/conagopareazuay.gob.ec\/w30\/wp-json\/wp\/v2\/users\/1"}],"replies":[{"embeddable":true,"href":"https:\/\/conagopareazuay.gob.ec\/w30\/wp-json\/wp\/v2\/comments?post=356"}],"version-history":[{"count":5,"href":"https:\/\/conagopareazuay.gob.ec\/w30\/wp-json\/wp\/v2\/pages\/356\/revisions"}],"predecessor-version":[{"id":714,"href":"https:\/\/conagopareazuay.gob.ec\/w30\/wp-json\/wp\/v2\/pages\/356\/revisions\/714"}],"wp:attachment":[{"href":"https:\/\/conagopareazuay.gob.ec\/w30\/wp-json\/wp\/v2\/media?parent=356"}],"curies":[{"name":"wp","href":"https:\/\/api.w.org\/{rel}","templated":true}]}}