{"id":4053,"date":"2022-01-10T13:03:38","date_gmt":"2022-01-10T13:03:38","guid":{"rendered":"https:\/\/conagopareazuay.gob.ec\/w30\/?page_id=4053"},"modified":"2023-03-16T21:42:35","modified_gmt":"2023-03-16T21:42:35","slug":"2022-2","status":"publish","type":"page","link":"https:\/\/conagopareazuay.gob.ec\/w30\/2022-2\/","title":{"rendered":"2022"},"content":{"rendered":"<div style=\"padding-bottom:20px; padding-top:10px;\" class=\"hupso-share-buttons\"><!-- Hupso Share Buttons - https:\/\/www.hupso.com\/share\/ --><a class=\"hupso_counters\" href=\"https:\/\/www.hupso.com\/share\/\"><img decoding=\"async\" src=\"https:\/\/static.hupso.com\/share\/buttons\/lang\/es\/share-small.png\" style=\"border:0px; padding-top:2px; float:left;\" alt=\"Share Button\"\/><\/a><script type=\"text\/javascript\">var hupso_services_c=new Array(\"twitter\",\"facebook_like\",\"facebook_send\");var hupso_counters_lang = \"es_LA\";var hupso_image_folder_url = \"\";var hupso_url_c=\"\";var hupso_title_c=\"2022\";<\/script><script type=\"text\/javascript\" src=\"https:\/\/static.hupso.com\/share\/js\/counters.js\"><\/script><!-- Hupso Share Buttons --><\/div><h4><strong>ENERO<\/strong><\/h4>\n<ul>\n<li><a href=\"https:\/\/conagopareazuay.gob.ec\/w30\/wp-content\/uploads\/2022\/03\/Ejecucion-presupuestaria-2021.pdf\">Ejecuci\u00f3n presupuestaria<\/a><\/li>\n<li><a href=\"https:\/\/conagopareazuay.gob.ec\/w30\/wp-content\/uploads\/2022\/03\/destinatarios-recursos-publicos-diciembre-2021.pdf\">Destinatarios recursos p\u00fablicos diciembre 2021<\/a><\/li>\n<li><a href=\"https:\/\/conagopareazuay.gob.ec\/w30\/wp-content\/uploads\/2022\/03\/Viaticos-Janeth-Garzon-diciembre.pdf\">Vi\u00e1ticos presidenta Janeth Garz\u00f3n diciembre 2021<\/a><\/li>\n<li><a href=\"https:\/\/conagopareazuay.gob.ec\/w30\/wp-content\/uploads\/2022\/03\/Viaticos-Pablo-Avila-diciembre.pdf\">Vi\u00e1ticos Pablo \u00c1vila diciembre 2021<\/a><\/li>\n<li><a href=\"https:\/\/conagopareazuay.gob.ec\/w30\/wp-content\/uploads\/2022\/03\/Acta-entrega-recepcion-Maria-Belen-Moreno-dic.pdf\">Acta entrega recepci\u00f3n Mar\u00eda Bel\u00e9n Moreno diciembre 2021<\/a><\/li>\n<li>A<a href=\"https:\/\/conagopareazuay.gob.ec\/w30\/wp-content\/uploads\/2022\/03\/ACTA-DE-ENTREGA-Sillas.pdf\">cta de entrega de sillas<\/a><\/li>\n<li><a href=\"https:\/\/conagopareazuay.gob.ec\/w30\/wp-content\/uploads\/2022\/03\/reporte-gastos-pasajes-y-viaticos.pdf\">Reporte gastos pasajes y vi\u00e1ticos<\/a><\/li>\n<\/ul>\n<h4><strong>FEBRERO<\/strong><\/h4>\n<ul>\n<li><a href=\"https:\/\/conagopareazuay.gob.ec\/w30\/wp-content\/uploads\/2022\/12\/Catalogo-electronico-enero.pdf\">Catalogo electr\u00f3nico enero<\/a><\/li>\n<li><a href=\"https:\/\/conagopareazuay.gob.ec\/w30\/wp-content\/uploads\/2022\/12\/destinatarios-de-recursos-publicos-enero.pdf\">Destinatarios<\/a><strong><a href=\"https:\/\/conagopareazuay.gob.ec\/w30\/wp-content\/uploads\/2022\/12\/destinatarios-de-recursos-publicos-enero.pdf\"> de recursos p\u00fablicos enero<\/a><\/strong><\/li>\n<li><a href=\"https:\/\/conagopareazuay.gob.ec\/w30\/wp-content\/uploads\/2022\/12\/Ejecucion-presupuestaria-enero.pdf\">Ejecuci\u00f3n presupuestaria enero<\/a><\/li>\n<li><a href=\"https:\/\/conagopareazuay.gob.ec\/w30\/wp-content\/uploads\/2023\/01\/Cedula-Presupuestaria-Febrero.pdf\">Cedula<\/a><a href=\"https:\/\/conagopareazuay.gob.ec\/w30\/wp-content\/uploads\/2023\/01\/Cedula-Presupuestaria-Febrero.pdf\"> Presupuestaria Febrero<\/a><\/li>\n<li><a href=\"https:\/\/conagopareazuay.gob.ec\/w30\/wp-content\/uploads\/2023\/01\/Destinatarios-de-recursos-publicos.pdf\">Destinatarios de recursos p\u00fablicos<\/a><\/li>\n<\/ul>\n<h4><strong>MARZO<\/strong><\/h4>\n<h4><strong>ABRIL<\/strong><\/h4>\n<h4><strong>MAYO<\/strong><\/h4>\n<h4><strong>JUNIO<\/strong><\/h4>\n<h4><strong>JULIO<\/strong><\/h4>\n<h4><strong>AGOSTO<\/strong><\/h4>\n<h4><strong>SEPTIEMBRE<\/strong><\/h4>\n<h4><strong>OCTUBRE<\/strong><\/h4>\n<ul>\n<li><a href=\"https:\/\/conagopareazuay.gob.ec\/w30\/wp-content\/uploads\/2023\/01\/Actas-entrega-catalogo-electronico-octubre-2022-1.pdf\">Actas entrega catalogo electr\u00f3nico octubre 2022<\/a><\/li>\n<li><a href=\"https:\/\/conagopareazuay.gob.ec\/w30\/wp-content\/uploads\/2023\/01\/Cedula-presupuesto-octubre-2022.pdf\">Cedula presupuesto octubre 2022<\/a><\/li>\n<li><a href=\"https:\/\/conagopareazuay.gob.ec\/w30\/wp-content\/uploads\/2023\/01\/destinatarios-de-resursos-publicos-oct-2022.pdf\">Destinatarios de recursos p\u00fablicos oct 2022<\/a><\/li>\n<li><a href=\"https:\/\/conagopareazuay.gob.ec\/w30\/wp-content\/uploads\/2023\/01\/Pasajes-Octubre.pdf\">P<\/a><a href=\"https:\/\/conagopareazuay.gob.ec\/w30\/wp-content\/uploads\/2023\/01\/Pasajes-Octubre.pdf\">asajes<\/a><a href=\"https:\/\/conagopareazuay.gob.ec\/w30\/wp-content\/uploads\/2023\/01\/Pasajes-Octubre.pdf\"> Octubre<\/a><\/li>\n<li><a href=\"https:\/\/conagopareazuay.gob.ec\/w30\/wp-content\/uploads\/2023\/01\/Viaticos-octubre.pdf\">Vi\u00e1ticos octubre<\/a><\/li>\n<\/ul>\n<h4><strong>NOVIEMBRE<\/strong><\/h4>\n<ul>\n<li><a href=\"https:\/\/conagopareazuay.gob.ec\/w30\/wp-content\/uploads\/2023\/01\/Informe-viaticos-nov-2022.pdf\">Informe vi\u00e1ticos noviembre 2022<\/a><\/li>\n<li><a href=\"https:\/\/conagopareazuay.gob.ec\/w30\/wp-content\/uploads\/2023\/01\/destinatarios-de-recursos-publicos-nov-2022.pdf\">Destinatarios de Recursos P\u00fablicos noviembre 2022<\/a><\/li>\n<li><a href=\"https:\/\/conagopareazuay.gob.ec\/w30\/wp-content\/uploads\/2023\/01\/Cedula-presupuestaria-noviembre-2022.pdf\">C\u00e9dula Presupuestaria noviembre 2022<\/a><\/li>\n<\/ul>\n<h4><strong>DICIEMBRE<\/strong><\/h4>\n<ul>\n<li><a href=\"https:\/\/conagopareazuay.gob.ec\/w30\/wp-content\/uploads\/2023\/03\/Ejecucion-presupuestaria-DIC-2022.pdf\" target=\"_blank\" rel=\"noopener\">Ejecuci\u00f3n presupuestaria DIC 2022<\/a><\/li>\n<li><a href=\"https:\/\/conagopareazuay.gob.ec\/w30\/wp-content\/uploads\/2023\/03\/Beneficiarios-dic-2022.pdf\">Beneficiarios dic 2022<\/a><\/li>\n<li><a href=\"https:\/\/conagopareazuay.gob.ec\/w30\/wp-content\/uploads\/2023\/03\/Infimas-cuantrias-diciembre-2022.pdf\" target=\"_blank\" rel=\"noopener\">\u00cdnfimas cuant\u00edas diciembre 2022<\/a><\/li>\n<li><a href=\"https:\/\/conagopareazuay.gob.ec\/w30\/wp-content\/uploads\/2023\/03\/Compras-Catalogo-Electronico.pdf\" target=\"_blank\" rel=\"noopener\">Compras Catalogo Electr\u00f3nico<\/a><\/li>\n<\/ul>\n","protected":false},"excerpt":{"rendered":"<div style=\"padding-bottom:20px; padding-top:10px;\" class=\"hupso-share-buttons\"><!-- Hupso Share Buttons - https:\/\/www.hupso.com\/share\/ --><a class=\"hupso_counters\" href=\"https:\/\/www.hupso.com\/share\/\"><img src=\"https:\/\/static.hupso.com\/share\/buttons\/lang\/es\/share-small.png\" style=\"border:0px; padding-top:2px; float:left;\" alt=\"Share Button\"\/><\/a><script type=\"text\/javascript\">var hupso_services_c=new Array(\"twitter\",\"facebook_like\",\"facebook_send\");var hupso_counters_lang = \"es_LA\";var hupso_image_folder_url = \"\";var hupso_url_c=\"\";var hupso_title_c=\"2022\";<\/script><script type=\"text\/javascript\" src=\"https:\/\/static.hupso.com\/share\/js\/counters.js\"><\/script><!-- Hupso Share Buttons --><\/div><p>ENERO Ejecuci\u00f3n presupuestaria Destinatarios recursos p\u00fablicos diciembre 2021 Vi\u00e1ticos presidenta Janeth Garz\u00f3n diciembre 2021 Vi\u00e1ticos Pablo \u00c1vila diciembre 2021 Acta entrega recepci\u00f3n Mar\u00eda Bel\u00e9n Moreno diciembre 2021 Acta de entrega de sillas Reporte gastos pasajes y vi\u00e1ticos FEBRERO Catalogo electr\u00f3nico enero Destinatarios de recursos p\u00fablicos enero Ejecuci\u00f3n presupuestaria enero Cedula Presupuestaria Febrero Destinatarios de recursos [&hellip;]<\/p>\n","protected":false},"author":1,"featured_media":0,"parent":0,"menu_order":0,"comment_status":"closed","ping_status":"closed","template":"","meta":{"footnotes":""},"class_list":["post-4053","page","type-page","status-publish","hentry","entry"],"_links":{"self":[{"href":"https:\/\/conagopareazuay.gob.ec\/w30\/wp-json\/wp\/v2\/pages\/4053","targetHints":{"allow":["GET"]}}],"collection":[{"href":"https:\/\/conagopareazuay.gob.ec\/w30\/wp-json\/wp\/v2\/pages"}],"about":[{"href":"https:\/\/conagopareazuay.gob.ec\/w30\/wp-json\/wp\/v2\/types\/page"}],"author":[{"embeddable":true,"href":"https:\/\/conagopareazuay.gob.ec\/w30\/wp-json\/wp\/v2\/users\/1"}],"replies":[{"embeddable":true,"href":"https:\/\/conagopareazuay.gob.ec\/w30\/wp-json\/wp\/v2\/comments?post=4053"}],"version-history":[{"count":15,"href":"https:\/\/conagopareazuay.gob.ec\/w30\/wp-json\/wp\/v2\/pages\/4053\/revisions"}],"predecessor-version":[{"id":4922,"href":"https:\/\/conagopareazuay.gob.ec\/w30\/wp-json\/wp\/v2\/pages\/4053\/revisions\/4922"}],"wp:attachment":[{"href":"https:\/\/conagopareazuay.gob.ec\/w30\/wp-json\/wp\/v2\/media?parent=4053"}],"curies":[{"name":"wp","href":"https:\/\/api.w.org\/{rel}","templated":true}]}}