{"id":4096,"date":"2022-02-18T22:07:53","date_gmt":"2022-02-18T22:07:53","guid":{"rendered":"https:\/\/conagopareazuay.gob.ec\/w30\/?page_id=4096"},"modified":"2022-02-18T22:09:34","modified_gmt":"2022-02-18T22:09:34","slug":"necesidades-de-la-ruralidad-se-plantearon-en-encuentro-con-el-presidente-guillermo-lasso","status":"publish","type":"page","link":"https:\/\/conagopareazuay.gob.ec\/w30\/necesidades-de-la-ruralidad-se-plantearon-en-encuentro-con-el-presidente-guillermo-lasso\/","title":{"rendered":"Necesidades de la ruralidad se plantearon en encuentro con el presidente Guillermo Lasso"},"content":{"rendered":"<div style=\"padding-bottom:20px; padding-top:10px;\" class=\"hupso-share-buttons\"><!-- Hupso Share Buttons - https:\/\/www.hupso.com\/share\/ --><a class=\"hupso_counters\" href=\"https:\/\/www.hupso.com\/share\/\"><img decoding=\"async\" src=\"https:\/\/static.hupso.com\/share\/buttons\/lang\/es\/share-small.png\" style=\"border:0px; padding-top:2px; float:left;\" alt=\"Share Button\"\/><\/a><script type=\"text\/javascript\">var hupso_services_c=new Array(\"twitter\",\"facebook_like\",\"facebook_send\");var hupso_counters_lang = \"es_LA\";var hupso_image_folder_url = \"\";var hupso_url_c=\"\";var hupso_title_c=\"Necesidades%20de%20la%20ruralidad%20se%20plantearon%20en%20encuentro%20con%20el%20presidente%20Guillermo%20Lasso\";<\/script><script type=\"text\/javascript\" src=\"https:\/\/static.hupso.com\/share\/js\/counters.js\"><\/script><!-- Hupso Share Buttons --><\/div><p>En representaci\u00f3n de los GAD Parroquiales de la provincia, la presidenta Janeth Garz\u00f3n particip\u00f3 de una reuni\u00f3n con el presidente de la Rep\u00fablica Guillermo Lasso y los ministros de Inclusi\u00f3n Econ\u00f3mica y Social, y de Obras P\u00fablicas.<\/p>\n<p>En este encuentro, la presidenta plante\u00f3 tema de relevante importancia para los Gobiernos Parroquiales, entre ellos: la devoluci\u00f3n del IVA, los cr\u00e9ditos no reembolsables y la restituci\u00f3n de presupuestos a los Gobiernos Parroquiales, as\u00ed como el an\u00e1lisis de la Ley 047.<\/p>\n<p><img fetchpriority=\"high\" decoding=\"async\" class=\"size-medium wp-image-4099 alignleft\" src=\"https:\/\/conagopareazuay.gob.ec\/w30\/wp-content\/uploads\/2022\/02\/IMG_2307-183x300.jpg\" alt=\"\" width=\"183\" height=\"300\" srcset=\"https:\/\/conagopareazuay.gob.ec\/w30\/wp-content\/uploads\/2022\/02\/IMG_2307-183x300.jpg 183w, https:\/\/conagopareazuay.gob.ec\/w30\/wp-content\/uploads\/2022\/02\/IMG_2307-625x1024.jpg 625w, https:\/\/conagopareazuay.gob.ec\/w30\/wp-content\/uploads\/2022\/02\/IMG_2307-768x1258.jpg 768w, https:\/\/conagopareazuay.gob.ec\/w30\/wp-content\/uploads\/2022\/02\/IMG_2307-938x1536.jpg 938w, https:\/\/conagopareazuay.gob.ec\/w30\/wp-content\/uploads\/2022\/02\/IMG_2307-1250x2048.jpg 1250w, https:\/\/conagopareazuay.gob.ec\/w30\/wp-content\/uploads\/2022\/02\/IMG_2307.jpg 1284w\" sizes=\"(max-width: 183px) 100vw, 183px\" \/>\u201cNecesitamos que el Banco del Estado ponga a consideraci\u00f3n los cr\u00e9ditos no reembolsables, porque despu\u00e9s de la pandemia se quit\u00f3 y no es un paquete disponible para los Gobiernos Parroquiales. Est\u00e1n como servicio los cr\u00e9ditos reembolsables pero debemos entender la situaci\u00f3n de los GAD Parroquiales que manejamos presupuestos reducidos\u201d, explic\u00f3 la presidenta.<br \/>\nSobre la devoluci\u00f3n del IVA la representante de las parroquias pidi\u00f3 que se cancelen las deudas mantenidas y que sea un tr\u00e1mite m\u00e1s \u00e1gil. \u201cDebemos esperar 6 meses para que nos responda el SRI y de all\u00ed pasa la informaci\u00f3n al Ministerio de Finanzas\u201d, acot\u00f3.<\/p>\n<p>Sobre el proyecto de Ley de la Distribuci\u00f3n Econ\u00f3mica del Sector Hidroel\u00e9ctrico- Reformatoria de la Ley 047, se\u00f1al\u00f3 que se busca que los recursos del sector el\u00e9ctrico vayan de forma directa para el sector rural. Explic\u00f3 que la propuesta presentada por asamble\u00edstas y que fue socializada con las parroquias, considera que el 40 % que se entregaban al CREA sean distribuidos para los Municipios y los Gobiernos Parroquiales. Con ello, los Municipios incrementar\u00edan del 60 al 75 % sus asignaciones y a los GAD parroquiales se destinar\u00eda un 25 %.<\/p>\n<p>Tras la reuni\u00f3n la presidenta envi\u00f3 un oficio al Gobernador de la provincia con el fin de solicitar se da seguimiento a las peticiones realizadas por Conagopare Azuay, en nombre de los Gobiernos Parroquiales Rurales.<br \/>\nEn este encuentro tambi\u00e9n participaron otras autoridades de la provincia, entre ellos, la prefecta del Azuay y varios alcaldes.<\/p>\n","protected":false},"excerpt":{"rendered":"<div style=\"padding-bottom:20px; padding-top:10px;\" class=\"hupso-share-buttons\"><!-- Hupso Share Buttons - https:\/\/www.hupso.com\/share\/ --><a class=\"hupso_counters\" href=\"https:\/\/www.hupso.com\/share\/\"><img src=\"https:\/\/static.hupso.com\/share\/buttons\/lang\/es\/share-small.png\" style=\"border:0px; padding-top:2px; float:left;\" alt=\"Share Button\"\/><\/a><script type=\"text\/javascript\">var hupso_services_c=new Array(\"twitter\",\"facebook_like\",\"facebook_send\");var hupso_counters_lang = \"es_LA\";var hupso_image_folder_url = \"\";var hupso_url_c=\"\";var hupso_title_c=\"Necesidades%20de%20la%20ruralidad%20se%20plantearon%20en%20encuentro%20con%20el%20presidente%20Guillermo%20Lasso\";<\/script><script type=\"text\/javascript\" src=\"https:\/\/static.hupso.com\/share\/js\/counters.js\"><\/script><!-- Hupso Share Buttons --><\/div><p>En representaci\u00f3n de los GAD Parroquiales de la provincia, la presidenta Janeth Garz\u00f3n particip\u00f3 de una reuni\u00f3n con el presidente de la Rep\u00fablica Guillermo Lasso y los ministros de Inclusi\u00f3n Econ\u00f3mica y Social, y de Obras P\u00fablicas. En este encuentro, la presidenta plante\u00f3 tema de relevante importancia para los Gobiernos Parroquiales, entre ellos: la devoluci\u00f3n [&hellip;]<\/p>\n","protected":false},"author":2,"featured_media":4097,"parent":0,"menu_order":0,"comment_status":"closed","ping_status":"closed","template":"","meta":{"footnotes":""},"class_list":["post-4096","page","type-page","status-publish","has-post-thumbnail","hentry","entry","has-media"],"_links":{"self":[{"href":"https:\/\/conagopareazuay.gob.ec\/w30\/wp-json\/wp\/v2\/pages\/4096","targetHints":{"allow":["GET"]}}],"collection":[{"href":"https:\/\/conagopareazuay.gob.ec\/w30\/wp-json\/wp\/v2\/pages"}],"about":[{"href":"https:\/\/conagopareazuay.gob.ec\/w30\/wp-json\/wp\/v2\/types\/page"}],"author":[{"embeddable":true,"href":"https:\/\/conagopareazuay.gob.ec\/w30\/wp-json\/wp\/v2\/users\/2"}],"replies":[{"embeddable":true,"href":"https:\/\/conagopareazuay.gob.ec\/w30\/wp-json\/wp\/v2\/comments?post=4096"}],"version-history":[{"count":4,"href":"https:\/\/conagopareazuay.gob.ec\/w30\/wp-json\/wp\/v2\/pages\/4096\/revisions"}],"predecessor-version":[{"id":4102,"href":"https:\/\/conagopareazuay.gob.ec\/w30\/wp-json\/wp\/v2\/pages\/4096\/revisions\/4102"}],"wp:featuredmedia":[{"embeddable":true,"href":"https:\/\/conagopareazuay.gob.ec\/w30\/wp-json\/wp\/v2\/media\/4097"}],"wp:attachment":[{"href":"https:\/\/conagopareazuay.gob.ec\/w30\/wp-json\/wp\/v2\/media?parent=4096"}],"curies":[{"name":"wp","href":"https:\/\/api.w.org\/{rel}","templated":true}]}}