{"id":4659,"date":"2022-12-31T14:06:45","date_gmt":"2022-12-31T14:06:45","guid":{"rendered":"https:\/\/conagopareazuay.gob.ec\/w30\/?page_id=4659"},"modified":"2024-04-29T18:00:16","modified_gmt":"2024-04-29T18:00:16","slug":"rendicion-de-cuentas-2023","status":"publish","type":"page","link":"https:\/\/conagopareazuay.gob.ec\/w30\/rendicion-de-cuentas-2023\/","title":{"rendered":"Rendici\u00f3n de Cuentas 2023"},"content":{"rendered":"<div style=\"padding-bottom:20px; padding-top:10px;\" class=\"hupso-share-buttons\"><!-- Hupso Share Buttons - https:\/\/www.hupso.com\/share\/ --><a class=\"hupso_counters\" href=\"https:\/\/www.hupso.com\/share\/\"><img decoding=\"async\" src=\"https:\/\/static.hupso.com\/share\/buttons\/lang\/es\/share-small.png\" style=\"border:0px; padding-top:2px; float:left;\" alt=\"Share Button\"\/><\/a><script type=\"text\/javascript\">var hupso_services_c=new Array(\"twitter\",\"facebook_like\",\"facebook_send\");var hupso_counters_lang = \"es_LA\";var hupso_image_folder_url = \"\";var hupso_url_c=\"\";var hupso_title_c=\"Rendici%C3%B3n%20de%20Cuentas%202023\";<\/script><script type=\"text\/javascript\" src=\"https:\/\/static.hupso.com\/share\/js\/counters.js\"><\/script><!-- Hupso Share Buttons --><\/div><ol>\n<li><a href=\"https:\/\/conagopareazuay.gob.ec\/w30\/wp-content\/uploads\/2024\/01\/certificado.pdf\" target=\"_blank\" rel=\"noopener\">Certificado de presentaci\u00f3n de Informe Anual Cumplimiento Art. 11 de la Lotaip a\u00f1o 2023\u00a0<\/a><\/li>\n<li><a href=\"https:\/\/conagopareazuay.gob.ec\/w30\/wp-content\/uploads\/2024\/03\/Resolucion-05.pdf\">Acta Asamblea Aprobaci\u00f3n POA y Presupuesto 2023<\/a><\/li>\n<li><a href=\"https:\/\/conagopareazuay.gob.ec\/w30\/wp-content\/uploads\/2024\/03\/Oficios-Presidencial-003-2024-signed-1.pdf\">Delegaci\u00f3n de responsable<\/a><\/li>\n<li><a href=\"https:\/\/conagopareazuay.gob.ec\/w30\/wp-content\/uploads\/2024\/03\/MEMO-001-RENDICION-2023-GS-2024-signed-1.pdf\">Conformaci\u00f3n del comit\u00e9\u00a0<\/a><\/li>\n<li><a href=\"https:\/\/conagopareazuay.gob.ec\/w30\/wp-content\/uploads\/2024\/03\/MEMO-002-RENDICION-2023-GS-2024-signed.pdf\">Convocatoria al comit\u00e9<\/a><\/li>\n<li><a href=\"https:\/\/conagopareazuay.gob.ec\/w30\/wp-content\/uploads\/2024\/03\/Proceso-y-agenda-de-rendicion-de-cuentas-2023.pdf\">Proceso y agenda de rendicio\u0301n de cuentas 2023<\/a><\/li>\n<li><a href=\"https:\/\/conagopareazuay.gob.ec\/w30\/wp-content\/uploads\/2024\/03\/MEMO-003-RENDICION-2023-GS-2024-signed.pdf\">Socializaci\u00f3n interna del proceso del evento de rendici\u00f3n de cuentas<\/a><\/li>\n<\/ol>\n<p>&nbsp;<\/p>\n<ul>\n<li><a href=\"https:\/\/conagopareazuay.gob.ec\/w30\/wp-content\/uploads\/2024\/03\/OFICIO-N\u00b0-030-2024-signed-1.pdf\"><span style=\"color: #008000;\">Convocatoria Consulta Ciudadana\u00a0<\/span><\/a><\/li>\n<li><span style=\"color: #008000;\"><a style=\"color: #008000;\" href=\"https:\/\/conagopareazuay.gob.ec\/w30\/wp-content\/uploads\/2024\/03\/Convocatoria-N-03-signed.pdf\">Convocatoria evento de Rendici\u00f3n de Cuentas<\/a><\/span><\/li>\n<li><span style=\"color: #008000;\"><a style=\"color: #008000;\" href=\"https:\/\/conagopareazuay.gob.ec\/w30\/wp-content\/uploads\/2024\/03\/Registro-de-asistencia-RDC-2023.pdf\">Registro de asistencia<\/a><\/span><\/li>\n<li><span style=\"color: #008000;\"><a style=\"color: #008000;\" href=\"https:\/\/conagopareazuay.gob.ec\/w30\/wp-content\/uploads\/2024\/03\/Aportes-ciudadanos.pdf\">Aportes ciudadanos<\/a><\/span><\/li>\n<li><span style=\"color: #008000;\"><a style=\"color: #008000;\" href=\"https:\/\/conagopareazuay.gob.ec\/w30\/wp-content\/uploads\/2024\/03\/Formulario-rendicion-de-Cuentas-CONAGOPARE-Azuay.xlsx\">Formulario rendicio\u0301n de Cuentas CONAGOPARE Azuay<\/a><\/span><\/li>\n<li><span style=\"color: #008000;\"><a style=\"color: #008000;\" href=\"https:\/\/conagopareazuay.gob.ec\/w30\/wp-content\/uploads\/2024\/03\/Rendicion-de-Cuentas-enero-diciembre-2023.pdf\">Informe de Rendici\u00f3n de Cuentas -2023 (T\u00e9cnico)<\/a><\/span><\/li>\n<li><span style=\"color: #008000;\"><a style=\"color: #008000;\" href=\"https:\/\/conagopareazuay.gob.ec\/w30\/wp-content\/uploads\/2024\/03\/Informe-Ejecucion-presupuestaria-2023-1.pptx\" target=\"_blank\" rel=\"noopener\">Informe de Rendici\u00f3n de Cuentas \u2013 2023 (Financiero)<\/a><\/span><\/li>\n<li><strong><span style=\"color: #008000;\"><a style=\"color: #008000;\" href=\"https:\/\/conagopareazuay.gob.ec\/w30\/wp-content\/uploads\/2024\/04\/INFORME-DE-RENDICION-DE-CUENTAS-No-12951.pdf\">INFORME DE RENDICIO\u0301N DE CUENTAS No 12951<\/a><\/span><\/strong><\/li>\n<\/ul>\n<div class=\"lyte-wrapper fourthree\" style=\"width:480px;max-width:100%;margin:5px auto;\"><div class=\"lyMe qsa_\\&amp;enablejsapi\\=1\\&amp;origin\\=https:\/\/conagopareazuay.gob.ec\" id=\"WYL_-KhYlkFCsqo\"><div id=\"lyte_-KhYlkFCsqo\" data-src=\"\/\/i.ytimg.com\/vi\/-KhYlkFCsqo\/hqdefault.jpg\" class=\"pL\"><div class=\"tC\"><div class=\"tT\"><\/div><\/div><div class=\"play\"><\/div><div class=\"ctrl\"><div class=\"Lctrl\"><\/div><div class=\"Rctrl\"><\/div><\/div><\/div><noscript><a href=\"https:\/\/youtu.be\/-KhYlkFCsqo\" rel=\"nofollow\"><img fetchpriority=\"high\" decoding=\"async\" src=\"https:\/\/i.ytimg.com\/vi\/-KhYlkFCsqo\/0.jpg\" alt=\"YouTube video thumbnail\" width=\"480\" height=\"340\" \/><br \/>Ver este v\u00eddeo en YouTube<\/a><\/noscript><\/div><\/div><div class=\"lL\" style=\"max-width:100%;width:480px;margin:5px auto;\"><\/div>\n","protected":false},"excerpt":{"rendered":"<div style=\"padding-bottom:20px; padding-top:10px;\" class=\"hupso-share-buttons\"><!-- Hupso Share Buttons - https:\/\/www.hupso.com\/share\/ --><a class=\"hupso_counters\" href=\"https:\/\/www.hupso.com\/share\/\"><img src=\"https:\/\/static.hupso.com\/share\/buttons\/lang\/es\/share-small.png\" style=\"border:0px; padding-top:2px; float:left;\" alt=\"Share Button\"\/><\/a><script type=\"text\/javascript\">var hupso_services_c=new Array(\"twitter\",\"facebook_like\",\"facebook_send\");var hupso_counters_lang = \"es_LA\";var hupso_image_folder_url = \"\";var hupso_url_c=\"\";var hupso_title_c=\"Rendici%C3%B3n%20de%20Cuentas%202023\";<\/script><script type=\"text\/javascript\" src=\"https:\/\/static.hupso.com\/share\/js\/counters.js\"><\/script><!-- Hupso Share Buttons --><\/div><p>Certificado de presentaci\u00f3n de Informe Anual Cumplimiento Art. 11 de la Lotaip a\u00f1o 2023\u00a0 Acta Asamblea Aprobaci\u00f3n POA y Presupuesto 2023 Delegaci\u00f3n de responsable Conformaci\u00f3n del comit\u00e9\u00a0 Convocatoria al comit\u00e9 Proceso y agenda de rendicio\u0301n de cuentas 2023 Socializaci\u00f3n interna del proceso del evento de rendici\u00f3n de cuentas &nbsp; Convocatoria Consulta Ciudadana\u00a0 Convocatoria evento de [&hellip;]<\/p>\n","protected":false},"author":1,"featured_media":0,"parent":0,"menu_order":0,"comment_status":"closed","ping_status":"closed","template":"","meta":{"footnotes":""},"class_list":["post-4659","page","type-page","status-publish","hentry","entry"],"_links":{"self":[{"href":"https:\/\/conagopareazuay.gob.ec\/w30\/wp-json\/wp\/v2\/pages\/4659","targetHints":{"allow":["GET"]}}],"collection":[{"href":"https:\/\/conagopareazuay.gob.ec\/w30\/wp-json\/wp\/v2\/pages"}],"about":[{"href":"https:\/\/conagopareazuay.gob.ec\/w30\/wp-json\/wp\/v2\/types\/page"}],"author":[{"embeddable":true,"href":"https:\/\/conagopareazuay.gob.ec\/w30\/wp-json\/wp\/v2\/users\/1"}],"replies":[{"embeddable":true,"href":"https:\/\/conagopareazuay.gob.ec\/w30\/wp-json\/wp\/v2\/comments?post=4659"}],"version-history":[{"count":19,"href":"https:\/\/conagopareazuay.gob.ec\/w30\/wp-json\/wp\/v2\/pages\/4659\/revisions"}],"predecessor-version":[{"id":6053,"href":"https:\/\/conagopareazuay.gob.ec\/w30\/wp-json\/wp\/v2\/pages\/4659\/revisions\/6053"}],"wp:attachment":[{"href":"https:\/\/conagopareazuay.gob.ec\/w30\/wp-json\/wp\/v2\/media?parent=4659"}],"curies":[{"name":"wp","href":"https:\/\/api.w.org\/{rel}","templated":true}]}}