{"id":5339,"date":"2024-01-02T16:13:25","date_gmt":"2024-01-02T16:13:25","guid":{"rendered":"https:\/\/conagopareazuay.gob.ec\/w30\/?page_id=5339"},"modified":"2025-07-23T21:08:14","modified_gmt":"2025-07-23T21:08:14","slug":"rendicion-de-cuentas-2024","status":"publish","type":"page","link":"https:\/\/conagopareazuay.gob.ec\/w30\/rendicion-de-cuentas-2024\/","title":{"rendered":"Rendici\u00f3n de Cuentas 2024"},"content":{"rendered":"<div style=\"padding-bottom:20px; padding-top:10px;\" class=\"hupso-share-buttons\"><!-- Hupso Share Buttons - https:\/\/www.hupso.com\/share\/ --><a class=\"hupso_counters\" href=\"https:\/\/www.hupso.com\/share\/\"><img decoding=\"async\" src=\"https:\/\/static.hupso.com\/share\/buttons\/lang\/es\/share-small.png\" style=\"border:0px; padding-top:2px; float:left;\" alt=\"Share Button\"\/><\/a><script type=\"text\/javascript\">var hupso_services_c=new Array(\"twitter\",\"facebook_like\",\"facebook_send\");var hupso_counters_lang = \"es_LA\";var hupso_image_folder_url = \"\";var hupso_url_c=\"\";var hupso_title_c=\"Rendici%C3%B3n%20de%20Cuentas%202024\";<\/script><script type=\"text\/javascript\" src=\"https:\/\/static.hupso.com\/share\/js\/counters.js\"><\/script><!-- Hupso Share Buttons --><\/div>[vc_row][vc_column width=\u00bb1\/2&#8243;][vc_column_text]\n<p><img fetchpriority=\"high\" decoding=\"async\" class=\"alignnone wp-image-6376 size-large\" src=\"https:\/\/conagopareazuay.gob.ec\/w30\/wp-content\/uploads\/2025\/06\/RENDICION-DE-CUENTAS-F-819x1024.jpg\" alt=\"\" width=\"819\" height=\"1024\" srcset=\"https:\/\/conagopareazuay.gob.ec\/w30\/wp-content\/uploads\/2025\/06\/RENDICION-DE-CUENTAS-F-819x1024.jpg 819w, https:\/\/conagopareazuay.gob.ec\/w30\/wp-content\/uploads\/2025\/06\/RENDICION-DE-CUENTAS-F-240x300.jpg 240w, https:\/\/conagopareazuay.gob.ec\/w30\/wp-content\/uploads\/2025\/06\/RENDICION-DE-CUENTAS-F-768x960.jpg 768w, https:\/\/conagopareazuay.gob.ec\/w30\/wp-content\/uploads\/2025\/06\/RENDICION-DE-CUENTAS-F.jpg 1080w\" sizes=\"(max-width: 819px) 100vw, 819px\" \/><\/p>\n[\/vc_column_text][\/vc_column][vc_column width=\u00bb1\/2&#8243;][vc_column_text]\n<p><strong>ORGANIZACI\u00d3N INTERNA INSTITUCIONAL<\/strong><\/p>\n<h3><strong><a href=\"https:\/\/conagopareazuay.gob.ec\/w30\/wp-content\/uploads\/2025\/07\/INFORME-DE-RENDICION-DE-CUENTAS-No-16037.pdf\">INFORME DE RENDICIO\u0301N DE CUENTAS No 16037<\/a><\/strong><\/h3>\n<h3><a href=\"https:\/\/conagopareazuay.gob.ec\/w30\/wp-content\/uploads\/2025\/04\/CONAGOPARE-AZUAY-Informe-Anual-2024-2.pdf\">CONAGOPARE AZUAY &#8211; Informe Anual 2024-2<\/a><\/h3>\n[\/vc_column_text][vc_column_text]<!-- FASE 0 --><\/p>\n<div style=\"display: flex; border: 1px solid #ccc; margin-bottom: 20px; font-family: Arial, sans-serif;\">\n<div style=\"background-color: #f2c100; padding: 20px; font-weight: bold; text-align: center; width: 120px; text-orientation: mixed; color: #000;\">FASE 0<\/div>\n<div style=\"flex: 1; background-color: #f9f9f9;\">\n<div style=\"background-color: #0c2d58; color: white; padding: 10px 20px; font-weight: bold;\">CONFORMACI\u00d3N DEL EQUIPO RC<\/div>\n<div style=\"padding: 10px 20px;\"><a href=\"https:\/\/conagopareazuay.gob.ec\/w30\/wp-content\/uploads\/2025\/06\/Memo-034-2025-signed.pdf\">Memo 034 2025-signed<\/a><\/div>\n<div>\u00a0 \u00a0 <a href=\"https:\/\/conagopareazuay.gob.ec\/w30\/wp-content\/uploads\/2025\/06\/MEMO-001-RENDICION-2024-GS-2025-signed.pdf\">MEMO 001-RENDICION 2024-GS-2025-signed<\/a><\/div>\n<div>\u00a0 \u00a0 <a href=\"https:\/\/conagopareazuay.gob.ec\/w30\/wp-content\/uploads\/2025\/06\/MEMO-004-RENDICION-2024-GS-2025-acta-signed.pdf\">MEMO 004-RENDICION 2024-GS-2025 &#8211; acta-signed<\/a><\/div>\n<div><\/div>\n<\/div>\n<\/div>\n<p><!-- FASE 1 --><\/p>\n<div style=\"display: flex; border: 1px solid #ccc; margin-bottom: 20px; font-family: Arial, sans-serif;\">\n<div style=\"background-color: #f2c100; padding: 20px; font-weight: bold; text-align: center; width: 120px; text-orientation: mixed; color: #000;\">FASE 1<\/div>\n<div style=\"flex: 1; background-color: #f9f9f9;\">\n<div style=\"background-color: #0c2d58; color: white; padding: 10px 20px; font-weight: bold;\">EVALUACI\u00d3N DE LA GESTI\u00d3N INSTITUCIONAL<\/div>\n<ul>\n<li><a href=\"https:\/\/conagopareazuay.gob.ec\/w30\/wp-content\/uploads\/2025\/06\/MEMO-005-RENDICION-2024-GS-2025-evaluacion-de-la-gestion-signed.pdf\">MEMO 005-RENDICION 2024-GS-2025 evaluaci\u00f3n de la gesti\u00f3n-signed<\/a><\/li>\n<li>\u00a0 \u00a0<a href=\"https:\/\/conagopareazuay.gob.ec\/w30\/wp-content\/uploads\/2025\/06\/Formulario-rendicion-de-Cuentas-preliminar-CONAGOPARE-Azuay.pdf\"> Formulario rendici\u00f3n de Cuentas preliminar CONAGOPARE Azuay<\/a><\/li>\n<li>\u00a0 \u00a0<a href=\"https:\/\/conagopareazuay.gob.ec\/w30\/wp-content\/uploads\/2025\/06\/Informe-de-rendicion-de-cuentas-enero-diciembre-2024-compr.pdf\"> Informe de rendici\u00f3n de cuentas enero diciembre 2024 compr<\/a><\/li>\n<\/ul>\n<\/div>\n<\/div>\n<p><!-- FASE 2 --><\/p>\n<div style=\"display: flex; border: 1px solid #ccc; margin-bottom: 20px; font-family: Arial, sans-serif;\">\n<div style=\"background-color: #f2c100; padding: 20px; font-weight: bold; text-align: center; width: 120px; text-orientation: mixed; color: #000;\">FASE 2<\/div>\n<div style=\"flex: 1; background-color: #f9f9f9;\">\n<div style=\"background-color: #0c2d58; color: white; padding: 10px 20px; font-weight: bold;\">FORMULARIO E INFORME PRELIMINAR<\/div>\n<ul>\n<li><a href=\"https:\/\/conagopareazuay.gob.ec\/w30\/wp-content\/uploads\/2025\/07\/Convocatoria-016-2025-signed.pdf\">Convocatoria 016-2025-signed<\/a><\/li>\n<li><a href=\"https:\/\/conagopareazuay.gob.ec\/w30\/wp-content\/uploads\/2025\/07\/03-Propuesta-de-proceso-MEMO-004-RENDICION-2024-GS-2025-acta-signed.pdf\">03 Propuesta de proceso MEMO 004-RENDICION 2024-GS-2025 &#8211; acta-signed<\/a><\/li>\n<li>https:\/\/www.youtube.com\/watch?v=A-9Kk6H5Mrs<\/li>\n<li><a href=\"https:\/\/conagopareazuay.gob.ec\/w30\/wp-content\/uploads\/2025\/07\/Convocatoria-016-2025-signed.pdf\">Convocatoria 016-2025-signed<\/a><\/li>\n<\/ul>\n<div style=\"background-color: #0c2d58; color: white; padding: 10px 20px; font-weight: bold;\">ANEXOS<\/div>\n<div style=\"padding: 10px 20px;\"><a style=\"color: #0c2d58; text-decoration: underline; display: block;\" href=\"#\">ORGANIGRAMA<\/a><\/div>\n<div class=\"su-accordion su-u-trim\"><\/div><div class=\"su-spoiler su-spoiler-style-default su-spoiler-icon-plus su-spoiler-closed\" data-scroll-offset=\"0\" data-anchor-in-url=\"no\"><div class=\"su-spoiler-title\" tabindex=\"0\" role=\"button\"><span class=\"su-spoiler-icon\"><\/span>CAT\u00c1LOGO ELECTR\u00d3NICO<\/div><div class=\"su-spoiler-content su-u-clearfix su-u-trim\">\n<div class=\"oceanwp-oembed-wrap clr\">\n<blockquote class=\"wp-embedded-content\" data-secret=\"PZLaxdWjjb\"><p><a href=\"https:\/\/conagopareazuay.gob.ec\/w30\/catalogo-electronico\/\">CAT\u00c1LOGO ELECTR\u00d3NICO<\/a><\/p><\/blockquote>\n<p><iframe class=\"wp-embedded-content\" sandbox=\"allow-scripts\" security=\"restricted\" style=\"position: absolute; visibility: hidden;\" title=\"\u00abCAT\u00c1LOGO ELECTR\u00d3NICO\u00bb \u2014 Consejo Nacional de Gobiernos Parroquiales Rurales \u2013 AZUAY\" src=\"https:\/\/conagopareazuay.gob.ec\/w30\/catalogo-electronico\/embed\/#?secret=14XEUrCwVw#?secret=PZLaxdWjjb\" data-secret=\"PZLaxdWjjb\" width=\"600\" height=\"338\" frameborder=\"0\" marginwidth=\"0\" marginheight=\"0\" scrolling=\"no\"><\/iframe><\/div>\n<\/div><\/div>\n<div class=\"su-accordion su-u-trim\"><\/div><div class=\"su-spoiler su-spoiler-style-default su-spoiler-icon-plus su-spoiler-closed\" data-scroll-offset=\"0\" data-anchor-in-url=\"no\"><div class=\"su-spoiler-title\" tabindex=\"0\" role=\"button\"><span class=\"su-spoiler-icon\"><\/span>\u00cdNFIMA CUANT\u00cdA<\/div><div class=\"su-spoiler-content su-u-clearfix su-u-trim\">\n<div class=\"oceanwp-oembed-wrap clr\">\n<blockquote class=\"wp-embedded-content\" data-secret=\"PsTxPwcUYU\"><p><a href=\"https:\/\/conagopareazuay.gob.ec\/w30\/infima-cuantia\/\">\u00cdNFIMA CUANT\u00cdA<\/a><\/p><\/blockquote>\n<p><iframe class=\"wp-embedded-content\" sandbox=\"allow-scripts\" security=\"restricted\" style=\"position: absolute; visibility: hidden;\" title=\"\u00ab\u00cdNFIMA CUANT\u00cdA\u00bb \u2014 Consejo Nacional de Gobiernos Parroquiales Rurales \u2013 AZUAY\" src=\"https:\/\/conagopareazuay.gob.ec\/w30\/infima-cuantia\/embed\/#?secret=ro0stsxm3Z#?secret=PsTxPwcUYU\" data-secret=\"PsTxPwcUYU\" width=\"600\" height=\"338\" frameborder=\"0\" marginwidth=\"0\" marginheight=\"0\" scrolling=\"no\"><\/iframe><\/div>\n<\/div><\/div>\n<div class=\"su-accordion su-u-trim\"><\/div><div class=\"su-spoiler su-spoiler-style-default su-spoiler-icon-plus su-spoiler-closed\" data-scroll-offset=\"0\" data-anchor-in-url=\"no\"><div class=\"su-spoiler-title\" tabindex=\"0\" role=\"button\"><span class=\"su-spoiler-icon\"><\/span>EJECUCI\u00d3N PRESUPUESTARIA<\/div><div class=\"su-spoiler-content su-u-clearfix su-u-trim\">\n<div class=\"oceanwp-oembed-wrap clr\">\n<blockquote class=\"wp-embedded-content\" data-secret=\"wzGnFZ7Su4\"><p><a href=\"https:\/\/conagopareazuay.gob.ec\/w30\/ejecucion-presupuestaria\/\">EJECUCI\u00d3N PRESUPUESTARIA<\/a><\/p><\/blockquote>\n<p><iframe class=\"wp-embedded-content\" sandbox=\"allow-scripts\" security=\"restricted\" style=\"position: absolute; visibility: hidden;\" title=\"\u00abEJECUCI\u00d3N PRESUPUESTARIA\u00bb \u2014 Consejo Nacional de Gobiernos Parroquiales Rurales \u2013 AZUAY\" src=\"https:\/\/conagopareazuay.gob.ec\/w30\/ejecucion-presupuestaria\/embed\/#?secret=hxcnHxTFI6#?secret=wzGnFZ7Su4\" data-secret=\"wzGnFZ7Su4\" width=\"600\" height=\"338\" frameborder=\"0\" marginwidth=\"0\" marginheight=\"0\" scrolling=\"no\"><\/iframe><\/div>\n<\/div><\/div>\n<\/div>\n<\/div>\n[\/vc_column_text][\/vc_column][\/vc_row]\n","protected":false},"excerpt":{"rendered":"<div style=\"padding-bottom:20px; padding-top:10px;\" class=\"hupso-share-buttons\"><!-- Hupso Share Buttons - https:\/\/www.hupso.com\/share\/ --><a class=\"hupso_counters\" href=\"https:\/\/www.hupso.com\/share\/\"><img src=\"https:\/\/static.hupso.com\/share\/buttons\/lang\/es\/share-small.png\" style=\"border:0px; padding-top:2px; float:left;\" alt=\"Share Button\"\/><\/a><script type=\"text\/javascript\">var hupso_services_c=new Array(\"twitter\",\"facebook_like\",\"facebook_send\");var hupso_counters_lang = \"es_LA\";var hupso_image_folder_url = \"\";var hupso_url_c=\"\";var hupso_title_c=\"Rendici%C3%B3n%20de%20Cuentas%202024\";<\/script><script type=\"text\/javascript\" src=\"https:\/\/static.hupso.com\/share\/js\/counters.js\"><\/script><!-- Hupso Share Buttons --><\/div><p>[vc_row][vc_column width=\u00bb1\/2&#8243;][vc_column_text] [\/vc_column_text][\/vc_column][vc_column width=\u00bb1\/2&#8243;][vc_column_text] ORGANIZACI\u00d3N INTERNA INSTITUCIONAL INFORME DE RENDICIO\u0301N DE CUENTAS No 16037 CONAGOPARE AZUAY &#8211; Informe Anual 2024-2 [\/vc_column_text][vc_column_text] FASE 0 CONFORMACI\u00d3N DEL EQUIPO RC Memo 034 2025-signed \u00a0 \u00a0 MEMO 001-RENDICION 2024-GS-2025-signed \u00a0 \u00a0 MEMO 004-RENDICION 2024-GS-2025 &#8211; acta-signed FASE 1 EVALUACI\u00d3N DE LA GESTI\u00d3N INSTITUCIONAL MEMO 005-RENDICION 2024-GS-2025 evaluaci\u00f3n de la [&hellip;]<\/p>\n","protected":false},"author":1,"featured_media":0,"parent":0,"menu_order":0,"comment_status":"closed","ping_status":"closed","template":"elementor_header_footer","meta":{"footnotes":""},"class_list":["post-5339","page","type-page","status-publish","hentry","entry"],"_links":{"self":[{"href":"https:\/\/conagopareazuay.gob.ec\/w30\/wp-json\/wp\/v2\/pages\/5339","targetHints":{"allow":["GET"]}}],"collection":[{"href":"https:\/\/conagopareazuay.gob.ec\/w30\/wp-json\/wp\/v2\/pages"}],"about":[{"href":"https:\/\/conagopareazuay.gob.ec\/w30\/wp-json\/wp\/v2\/types\/page"}],"author":[{"embeddable":true,"href":"https:\/\/conagopareazuay.gob.ec\/w30\/wp-json\/wp\/v2\/users\/1"}],"replies":[{"embeddable":true,"href":"https:\/\/conagopareazuay.gob.ec\/w30\/wp-json\/wp\/v2\/comments?post=5339"}],"version-history":[{"count":33,"href":"https:\/\/conagopareazuay.gob.ec\/w30\/wp-json\/wp\/v2\/pages\/5339\/revisions"}],"predecessor-version":[{"id":6452,"href":"https:\/\/conagopareazuay.gob.ec\/w30\/wp-json\/wp\/v2\/pages\/5339\/revisions\/6452"}],"wp:attachment":[{"href":"https:\/\/conagopareazuay.gob.ec\/w30\/wp-json\/wp\/v2\/media?parent=5339"}],"curies":[{"name":"wp","href":"https:\/\/api.w.org\/{rel}","templated":true}]}}